{"id":9,"date":"2024-06-12T12:49:00","date_gmt":"2024-06-12T15:49:00","guid":{"rendered":"https:\/\/pulsotalentojoven.com\/2025\/inicio\/"},"modified":"2026-03-09T10:36:03","modified_gmt":"2026-03-09T13:36:03","slug":"inicio","status":"publish","type":"page","link":"https:\/\/pulsotalentojoven.com\/2025\/","title":{"rendered":"Inicio"},"content":{"rendered":"<section class=\"l-section wpb_row pointer-events-none height_auto full_height valign_center width_full\"><div class=\"l-section-h i-cf\"><div class=\"g-cols vc_row via_flex valign_top type_default stacking_default\"><div class=\"vc_col-sm-12 wpb_column vc_column_container has_text_color\"><div class=\"vc_column-inner us_custom_6df4bc3a\"><div class=\"wpb_wrapper\"><div class=\"g-cols wpb_row via_flex valign_top type_default stacking_default\"><div class=\"vc_col-sm-12 wpb_column vc_column_container\"><div class=\"vc_column-inner\"><div class=\"wpb_wrapper\">\n\t\t\t\t<p class=\"rs-p-wp-fix\"><\/p>\n\t\t\t\t<sr7-module data-alias=\"home-1\" data-id=\"3\" id=\"SR7_3_1\" class=\"rs-ov-hidden\" data-version=\"6.7.41\">\n\t\t\t\t\t<sr7-adjuster><\/sr7-adjuster>\n\t\t\t\t\t<sr7-content>\n\t\t\t\t\t\t<sr7-slide id=\"SR7_3_1-5\" data-key=\"5\">\n\t\t\t\t\t\t<\/sr7-slide>\n\t\t\t\t\t\t<sr7-slide id=\"SR7_3_1-6\" data-key=\"6\">\n\t\t\t\t\t\t<\/sr7-slide>\n\t\t\t\t\t<\/sr7-content>\n\t\t\t\t<\/sr7-module>\n\t\t\t\t<script>\n\t\t\t\t\tSR7.PMH ??={}; SR7.PMH[\"SR7_3_1\"] = {cn:100,state:false,fn: function() { if (_tpt!==undefined && _tpt.prepareModuleHeight !== undefined) {  _tpt.prepareModuleHeight({id:\"SR7_3_1\",el:[800,800,768,960,720],type:'hero',shdw:'0',gh:[800,800,768,960,720],gw:[1240,1240,1024,778,480],vpt:['-200px&#039;,&#039;-200px&#039;,&#039;-200px&#039;,&#039;-200px&#039;,&#039;-200px'],size:{fullWidth:true, fullHeight:true},fho:'',mh:'0',onh:0,onw:0,bg:{color:'{\"orig\":\"transparent\",\"type\":\"solid\",\"string\":\"transparent\"}'}});   SR7.PMH[\"SR7_3_1\"].state=true;} else if(SR7.PMH[\"SR7_3_1\"].cn-->0)\tsetTimeout( SR7.PMH[\"SR7_3_1\"].fn,19);}};SR7.PMH[\"SR7_3_1\" ].fn();\n\t\t\t\t<\/script>\n<\/div><\/div><\/div><\/div><\/div><\/div><\/div><\/div><\/div><\/section><section class=\"l-section wpb_row us_custom_0d307113 banner-promo- height_small width_full\"><div class=\"l-section-h i-cf\"><div class=\"g-cols vc_row via_flex valign_top type_default stacking_default\"><div class=\"vc_col-sm-12 wpb_column vc_column_container has_text_color\"><div class=\"vc_column-inner us_custom_6df4bc3a\"><div class=\"wpb_wrapper\"><div class=\"wpb_text_column us_custom_60935ccf has_text_color\"><div class=\"wpb_wrapper\"><p style=\"text-align: center;\"><strong>Bienvenidos a la Muestra de J\u00f3venes Artistas de Escuela Da Vinci<\/strong><\/p>\n<\/div><\/div><\/div><\/div><\/div><\/div><\/div><\/section><section class=\"l-section wpb_row us_custom_c22e9c35 height_auto parallax_ver with_shape\"><div class=\"l-section-shape type_custom pos_top\" style=\"height:3.4375vw;\"><img loading=\"lazy\" decoding=\"async\" width=\"1863\" height=\"66\" src=\"https:\/\/pulsotalentojoven.com\/2025\/wp-content\/uploads\/sites\/3\/2025\/06\/guarda_orange-1.png\" class=\"attachment-full size-full\" alt=\"\" srcset=\"https:\/\/pulsotalentojoven.com\/2025\/wp-content\/uploads\/sites\/3\/2025\/06\/guarda_orange-1.png 1863w, https:\/\/pulsotalentojoven.com\/2025\/wp-content\/uploads\/sites\/3\/2025\/06\/guarda_orange-1-600x21.png 600w, https:\/\/pulsotalentojoven.com\/2025\/wp-content\/uploads\/sites\/3\/2025\/06\/guarda_orange-1-1024x36.png 1024w\" sizes=\"auto, (max-width: 1863px) 100vw, 1863px\" \/><\/div><div class=\"l-section-h i-cf\"><div class=\"g-cols vc_row via_flex valign_top type_default stacking_default\"><div class=\"vc_col-sm-12 wpb_column vc_column_container\"><div class=\"vc_column-inner\"><div class=\"wpb_wrapper\"><\/div><\/div><\/div><\/div><\/div><\/section><section class=\"l-section wpb_row us_custom_7b884b70 height_small\"><div class=\"l-section-h i-cf\"><div class=\"g-cols vc_row via_flex valign_top type_default stacking_default\"><div class=\"vc_col-sm-12 wpb_column vc_column_container\"><div class=\"vc_column-inner\"><div class=\"wpb_wrapper\"><div class=\"wpb_text_column\"><div class=\"wpb_wrapper\"><h1 class=\"abril-fatface home-title title-custom-underline\" style=\"text-align: center;\">Trabajos de Alumnos<\/h1>\n<\/div><\/div><div class=\"w-separator size_small\"><\/div><div class=\"g-cols wpb_row us_custom_fb1b8a8c via_flex valign_top type_default stacking_default\" id=\"programa\"><div class=\"vc_col-sm-12 wpb_column vc_column_container\"><div class=\"vc_column-inner\"><div class=\"wpb_wrapper\"><div class=\"w-separator size_small\"><\/div><div class=\"w-html grid-321\"><a class=\"home-menu home-menu-vj2d-9-11 card-glow\" href=\"https:\/\/pulsotalentojoven.com\/2025\/realizacion-de-videojuegos-2d-para-chicos-de-9-a-11-anos\/\">\n<div class=\"glow\"><\/div>\n  <h2>REALIZACI\u00d3N DE VIDEOJUEGOS 2D <br \/>(9 a 11 A\u00d1OS)<\/h2>\n<\/a>\n\n<a class=\"home-menu home-menu-vj2d-12-14 card-glow\" href=\"https:\/\/pulsotalentojoven.com\/2025\/realizacion-de-videojuegos-2d-para-chicos-de-12-a-14-anos\/\">\n<div class=\"glow\"><\/div>\n  <h2>REALIZACI\u00d3N DE VIDEOJUEGOS 2D <br \/>(12 a 14 A\u00d1OS)<\/h2>\n<\/a>\n\n<a class=\"home-menu home-menu-vj2d-15-18 card-glow\" href=\"https:\/\/pulsotalentojoven.com\/2025\/pre-universitario-de-realizacion-de-videojuegos-2d-para-jovenes-de-15-a-18-anos\/\">\n<div class=\"glow\"><\/div>\n  <h2>PRE-UNIVERSITARIO DE REALIZACI\u00d3N DE VIDEOJUEGOS 2D <br \/>(15 a 18 A\u00d1OS)<\/h2>\n<\/a>\n\n<a class=\"home-menu home-menu-vj3d-15-18 card-glow\" href=\"https:\/\/pulsotalentojoven.com\/2025\/pre-universitario-de-realizacion-de-videojuegos-3d-para-jovenes-de-15-a-18-anos\/\">\n<div class=\"glow\"><\/div>\n  <h2>PRE-UNIVERSITARIO DE REALIZACI\u00d3N DE VIDEOJUEGOS 3D <br \/>(15 a 18 A\u00d1OS)<\/h2>\n<\/a>\n\n<a class=\"home-menu home-menu-ilus-9-12 card-glow\" href=\"https:\/\/pulsotalentojoven.com\/2025\/iniciacion-a-la-ilustracion-artistica-digital-para-chicos-de-9-a-12-anos\/\">\n<div class=\"glow\"><\/div>\n  <h2>INICIACI\u00d3N A LA ILUSTRACI\u00d3N ART\u00cdSTICA\/DIGITAL <br \/>(9 a 12 A\u00d1OS)<\/h2> \n<\/a>\n\n<a class=\"home-menu home-menu-ilus-13-17 card-glow\" href=\"https:\/\/pulsotalentojoven.com\/2025\/iniciacion-a-la-ilustracion-artistica-digital-para-jovenes-de-13-a-17-anos\/\">\n<div class=\"glow\"><\/div>\n  <h2>INICIACI\u00d3N A LA ILUSTRACI\u00d3N ART\u00cdSTICA\/DIGITAL <br \/>(13 a 17 A\u00d1OS)<\/h2> \n<\/a>\n\n<a class=\"home-menu home-menu-hist card-glow\" href=\"https:\/\/pulsotalentojoven.com\/2025\/realizacion-de-historietas-para-jovenes-de-13-a-17-anos\/\">\n<div class=\"glow\"><\/div>\n  <h2>REALIZACI\u00d3N DE HISTORIETAS <br \/>(13 a 17 A\u00d1OS)<\/h2>\n<\/a>\n\n<!--\n<a class=\"home-menu home-menu-cert card-glow\" href=\"https:\/\/pulsotalentojoven.com\/2025\/entrega-de-certificados\/\">\n<div class=\"glow\"><\/div>\n  <h2>FOTOS Y VIDEOS DE ENTREGA DE CERTIFICADOS<\/h2>\n<\/a>\n-->\n\n<a class=\"home-menu home-menu-quienes card-glow\" href=\"https:\/\/pulsotalentojoven.com\/2025\/quienes-somos\/\">\n<div class=\"glow\"><\/div>\n  <h2>QUI\u00c9NES SOMOS<\/h2>\n<\/a>\n\n<a class=\"home-menu home-menu-anteriores card-glow\" href=\"https:\/\/pulsotalentojoven.com\/2024\/\">\n<div class=\"glow\"><\/div>\n  <h2>MUESTRA 2024<\/h2>\n<\/a>\n\n<a class=\"home-menu home-menu-certificados-vj card-glow\" href=\"https:\/\/pulsotalentojoven.com\/entrega-de-certificados-de-cursos-de-videojuegos\/\">\n<div class=\"glow\"><\/div>\n  <h2>FOTOS: CERTIFICADOS DE VIDEOJUEGOS<\/h2>\n<\/a>\n\n<a class=\"home-menu home-menu-certificados-ilus card-glow\" href=\"https:\/\/pulsotalentojoven.com\/entrega-de-certificados-de-cursos-de-ilustracion\/\">\n<div class=\"glow\"><\/div>\n  <h2>FOTOS: CERTIFICADOS DE ILUSTRACI\u00d3N<\/h2>\n<\/a>\n\n<a class=\"home-menu home-menu-videos card-glow\" href=\"https:\/\/pulsotalentojoven.com\/videos-de-la-entrega-de-certificados\/\">\n<div class=\"glow\"><\/div>\n  <h2>VIDEOS DE LA MUESTRA<\/h2>\n<\/a><\/div><div class=\"w-separator size_huge\"><\/div><\/div><\/div><\/div><\/div><\/div><\/div><\/div><\/div><\/div><\/section><section class=\"l-section wpb_row mensaje-directora height_medium with_img with_shape\"><div class=\"l-section-img\" role=\"img\" aria-label=\"Imagen\" data-img-width=\"1920\" data-img-height=\"1318\" style=\"background-image: url(https:\/\/pulsotalentojoven.com\/2025\/wp-content\/uploads\/sites\/3\/2025\/05\/Background_mensaje-directora.jpg);background-position: bottom center;\"><\/div><div class=\"l-section-shape type_custom pos_top\" style=\"height:15vmin;color:\"><img loading=\"lazy\" decoding=\"async\" width=\"1920\" height=\"100\" src=\"https:\/\/pulsotalentojoven.com\/2025\/wp-content\/uploads\/sites\/3\/2025\/06\/guarda-180.png\" class=\"attachment-full size-full\" alt=\"\" srcset=\"https:\/\/pulsotalentojoven.com\/2025\/wp-content\/uploads\/sites\/3\/2025\/06\/guarda-180.png 1920w, https:\/\/pulsotalentojoven.com\/2025\/wp-content\/uploads\/sites\/3\/2025\/06\/guarda-180-600x31.png 600w, https:\/\/pulsotalentojoven.com\/2025\/wp-content\/uploads\/sites\/3\/2025\/06\/guarda-180-1024x53.png 1024w\" sizes=\"auto, (max-width: 1920px) 100vw, 1920px\" \/><\/div><div class=\"l-section-shape type_custom pos_bottom\" style=\"height:3.4375vw;\"><img loading=\"lazy\" decoding=\"async\" width=\"1863\" height=\"64\" src=\"https:\/\/pulsotalentojoven.com\/2025\/wp-content\/uploads\/sites\/3\/2025\/06\/guarda_blue.png\" class=\"attachment-full size-full\" alt=\"\" srcset=\"https:\/\/pulsotalentojoven.com\/2025\/wp-content\/uploads\/sites\/3\/2025\/06\/guarda_blue.png 1863w, https:\/\/pulsotalentojoven.com\/2025\/wp-content\/uploads\/sites\/3\/2025\/06\/guarda_blue-600x21.png 600w, https:\/\/pulsotalentojoven.com\/2025\/wp-content\/uploads\/sites\/3\/2025\/06\/guarda_blue-1024x35.png 1024w\" sizes=\"auto, (max-width: 1863px) 100vw, 1863px\" \/><\/div><div class=\"l-section-h i-cf\"><div class=\"g-cols vc_row via_flex valign_top type_default stacking_default\"><div class=\"vc_col-sm-12 wpb_column vc_column_container\"><div class=\"vc_column-inner\"><div class=\"wpb_wrapper\"><div class=\"w-separator size_huge\"><\/div><div class=\"g-cols wpb_row via_flex valign_top type_default stacking_default\"><div class=\"vc_col-sm-12 wpb_column vc_column_container\"><div class=\"vc_column-inner\"><div class=\"wpb_wrapper\"><div class=\"wpb_text_column\"><div class=\"wpb_wrapper\"><h1 style=\"text-align: center; margin: auto;\">Mensaje de la Directora de Cursos<\/h1>\n<\/div><\/div><div class=\"wpb_text_column us_custom_05c789b4 two-cols-text\"><div class=\"wpb_wrapper\"><p>Bienvenidos a nuestra nueva edici\u00f3n de <strong>PULSO<\/strong>, la <strong>Muestra de Cursos de Chicos y J\u00f3venes de la Academia Art\u00edstica\/Tecnol\u00f3gica en Escuela Da Vinci<\/strong>! En este caso, les presentamos los trabajos realizados en el <strong>verano de este a\u00f1o<\/strong> y el <strong>segundo cuatrimestre del 2024<\/strong> en los <strong>cursos de ilustraci\u00f3n, historietas y videojuegos<\/strong>.<\/p>\n<p>La llamamos <em><strong>Pulso<\/strong> <\/em>porque la palabra hace alusi\u00f3n al trazo distintivo de cada uno y a la vibraci\u00f3n singular que impulsa su coraz\u00f3n. Y de eso mismo se trata esta muestra: de que cada uno puede expresarse con su creaci\u00f3n.<\/p>\n<p>Todos los a\u00f1os adem\u00e1s generamos una imagen para los certificados y la identidad de la muestra con un concepto que queremos destacar. Este a\u00f1o nos enfocamos en la figura de <strong>Prometeo<\/strong>. La hermosa ilustraci\u00f3n estuvo a cargo de uno de nuestros profes: <strong>Heraldo Mussolini<\/strong>.<\/p>\n<p>Para los que no hayan sido presentados a\u00fan, les cuento que <strong>Prometeo<\/strong> es un h\u00e9roe de la mitolog\u00eda griega. \u00c9l es un dios, un Tit\u00e1n, pero uno que siente mucha simpat\u00eda por las personas; tanta que el muy pillo se roba el fuego de los dioses para ofrec\u00e9rselo a los humanos para que puedan prosperar, us\u00e1ndolo para cocinar, trabajar el metal, construir y muchas cosas m\u00e1s. Cuando Zeus se entera del robo, se enoja much\u00edsimo \u2014porque Zeus es as\u00ed\u2014 y lo castiga duramente encaden\u00e1ndolo a una roca y haci\u00e9ndolo atacar por un \u00e1guila\u2026 para siempre.<\/p>\n<p>La vida de Prometeo no fue f\u00e1cil. Bueno, a decir verdad ser chicos tambi\u00e9n es dif\u00edcil a veces, \u00bfno? Por suerte para Prometeo, eventualmente llega Heracles, que es mitad hombre y mitad dios, y lo libera de su prisi\u00f3n. Y esta vez, Zeus se la banca, ja.<\/p>\n<p>El mito de Prometeo fue tomado por muchos artistas y pensadores a lo largo del tiempo por el valor narrativo y simb\u00f3lico que tiene su historia. \u00c9l cree en las enormes posibilidades de la raza humana y por eso a menudo se lo considera como patr\u00f3n de las artes, la tecnolog\u00eda y las matem\u00e1ticas.<\/p>\n<p>Nosotros lo tomamos porque nos gusta ver en ese fuego que nos obsequia Prometeo un s\u00edmbolo de la <strong>llama<\/strong> que cada uno lleva adentro, de su <strong>potencial<\/strong>, que es un hermoso regalo que parece venido de una esfera superior, y nos impulsa a <strong>crear<\/strong>, a <strong>inventar<\/strong>, a <strong>buscar la belleza en el mundo<\/strong>, y fundamentalmente a <strong>querer compartir esa llama con los dem\u00e1s<\/strong>.<\/p>\n<p><strong>Esperamos haber podido alimentar ese fuego interior que ustedes ya llevan dentro y que siga cada uno propag\u00e1ndolo el resto de sus vidas al ritmo de su coraz\u00f3n.<\/strong><\/p>\n<p><strong>Es un orgullo haberlos tenido de alumnos y descubrir los hermosos trabajos que crearon. \u00a1Hora de verlos ustedes tambi\u00e9n y festejar!<\/strong><\/p>\n<p><span style=\"font-weight: 400;\">Gabriela Garc\u00eda<\/span><\/p>\n<p><span style=\"font-weight: 400;\">Directora de Cursos<\/span><\/p>\n<\/div><\/div><div class=\"w-separator size_huge\"><\/div><\/div><\/div><\/div><\/div><\/div><\/div><\/div><\/div><\/div><\/section><section class=\"l-section wpb_row us_custom_31b9ec70 module-color secondary height_medium\" id=\"promo-footer-current-event\"><div class=\"l-section-h i-cf\"><div class=\"g-cols vc_row via_flex valign_top type_default stacking_default\"><div class=\"vc_col-sm-12 wpb_column vc_column_container\"><div class=\"vc_column-inner\"><div class=\"wpb_wrapper\"><div class=\"w-separator size_small\"><\/div><div class=\"wpb_text_column us_custom_0259209c has_text_color\"><div class=\"wpb_wrapper\"><h2 style=\"text-align: center;\">Conoc\u00e9 los Cursos para<br \/>\nChicos y Adolescentes<\/h2>\n<\/div><\/div><div class=\"w-separator size_small\"><\/div><div class=\"w-btn-wrapper align_center\"><a class=\"w-btn us-btn-style_4\" target=\"_blank\" rel=\"nofollow\" title=\"Cursos de Formaci\u00f3n Profesional\" href=\"https:\/\/davinci.edu.ar\/cursos\/chicos\"><span class=\"w-btn-label\">Ver cursos<\/span><\/a><\/div><\/div><\/div><\/div><\/div><\/div><\/section>\n<section class=\"l-section wpb_row us_custom_044f310d height_auto width_full\"><div class=\"l-section-h i-cf\"><div class=\"g-cols vc_row via_flex valign_top type_default stacking_default\"><div class=\"vc_col-sm-12 wpb_column vc_column_container\"><div class=\"vc_column-inner\"><div class=\"wpb_wrapper\"><div class=\"w-html\"><style>\n  .parallax-container {\n    width: 100vw;\n    display: flex;\n    flex-direction: column;\n    align-items: center;\n    justify-content: center;\n    overflow: hidden;\n  }\n\n  .parallax-item {\n    position: relative;\n    width: 100%;\n  }\n\n  .parallax-item.blue { background: #121233; }\n  .parallax-item.black { background: #101010; }\n\n  .parallax-item img {\n    width: 140vw;\n    will-change: transform;\n    max-width: none;\n  }\n<\/style>\n\n<script>\n\n  function createElementWithClass(tag, className) {\n  const element = document.createElement(tag);\n  if (className) {\n    element.className = className;\n  }\n  return element;\n}\n\n\/\/ Crear la segunda secci\u00f3n\nconst sectionSecond = createElementWithClass('section', '');\n\n\/\/ Crear el art\u00edculo\nconst article = document.createElement('article');\n\n\/\/ Crear el contenedor parallax\nconst parallaxContainer = createElementWithClass('div', 'parallax-container');\n\n\/\/ Crear los items parallax\nconst parallaxLeft = createElementWithClass('div', 'parallax-item parallax-left blue');\nconst parallaxRight = createElementWithClass('div', 'parallax-item parallax-right black');\n\n\/\/ Crear las im\u00e1genes\nconst imgLeft = document.createElement('img');\nimgLeft.src = 'http:\/\/pulsotalentojoven.com\/wp-content\/uploads\/2025\/06\/parallax-01.png';\n\nconst imgRight = document.createElement('img');\nimgRight.src = 'http:\/\/pulsotalentojoven.com\/wp-content\/uploads\/2025\/06\/parallax-02.png';\n\n\/\/ Construir la estructura\nparallaxLeft.appendChild(imgLeft);\nparallaxRight.appendChild(imgRight);\nparallaxContainer.appendChild(parallaxLeft);\nparallaxContainer.appendChild(parallaxRight);\narticle.appendChild(parallaxContainer);\nsectionSecond.appendChild(article);\n\n\/\/ A\u00f1adir al body\ndocument.body.appendChild(sectionSecond);\n\n  const parallaxItems = document.querySelectorAll('.parallax-item');\n\n  const calculatePosition = (isLeft, progress, imageWidth, windowWidth) => {\n    const startPosition = isLeft\n      ? 0 \/\/ Izquierda: borde izquierdo en margen izquierdo\n      : windowWidth - imageWidth; \/\/ Derecha: borde derecho en margen derecho\n\n    const endPosition = isLeft\n      ? windowWidth - imageWidth \/\/ Izquierda: borde derecho en margen derecho\n      : 0; \/\/ Derecha: borde izquierdo en margen izquierdo\n\n    \/\/ Retornar posici\u00f3n interpolada\n    return startPosition + progress * (endPosition - startPosition);\n  };\n\n  const handleScroll = () => {\n    const windowHeight = window.innerHeight;\n    const windowWidth = window.innerWidth;\n\n    parallaxItems.forEach(item => {\n      const rect = item.getBoundingClientRect();\n      const image = item.querySelector('img');\n      const imageWidth = image.getBoundingClientRect().width;\n\n      \/\/ Determinar si es izquierda o derecha\n      const isLeft = item.classList.contains('parallax-left');\n\n      \/\/ Calcular el progreso (0 al inicio, 1 al final)\n      const progress = Math.max(\n        0,\n        Math.min(1, (windowHeight - rect.top) \/ (windowHeight + rect.height))\n      );\n\n      \/\/ Calcular posici\u00f3n interpolada\n      const currentPosition = calculatePosition(isLeft, progress, imageWidth, windowWidth);\n\n      \/\/ Aplicar transformaci\u00f3n\n      image.style.transform = `translateX(${currentPosition}px)`;\n    });\n  };\n\n  \/\/ Escuchar scroll\n  window.addEventListener('scroll', handleScroll);\n\n  \/\/ Inicializar posiciones\n  handleScroll();\n<\/script><\/div><\/div><\/div><\/div><\/div><\/div><\/section>\n","protected":false},"excerpt":{"rendered":"Bienvenidos a la Muestra de J\u00f3venes Artistas de Escuela Da Vinci Trabajos de Alumnos REALIZACI\u00d3N DE VIDEOJUEGOS 2D (9 a 11 A\u00d1OS) REALIZACI\u00d3N DE VIDEOJUEGOS 2D (12 a 14 A\u00d1OS) PRE-UNIVERSITARIO DE REALIZACI\u00d3N DE VIDEOJUEGOS 2D (15 a 18 A\u00d1OS) PRE-UNIVERSITARIO DE REALIZACI\u00d3N DE VIDEOJUEGOS 3D (15 a 18 A\u00d1OS) INICIACI\u00d3N A LA ILUSTRACI\u00d3N ART\u00cdSTICA\/DIGITAL...","protected":false},"author":1,"featured_media":0,"parent":0,"menu_order":0,"comment_status":"closed","ping_status":"closed","template":"","meta":{"ngg_post_thumbnail":0,"footnotes":""},"class_list":["post-9","page","type-page","status-publish","hentry"],"_links":{"self":[{"href":"https:\/\/pulsotalentojoven.com\/2025\/wp-json\/wp\/v2\/pages\/9","targetHints":{"allow":["GET"]}}],"collection":[{"href":"https:\/\/pulsotalentojoven.com\/2025\/wp-json\/wp\/v2\/pages"}],"about":[{"href":"https:\/\/pulsotalentojoven.com\/2025\/wp-json\/wp\/v2\/types\/page"}],"author":[{"embeddable":true,"href":"https:\/\/pulsotalentojoven.com\/2025\/wp-json\/wp\/v2\/users\/1"}],"replies":[{"embeddable":true,"href":"https:\/\/pulsotalentojoven.com\/2025\/wp-json\/wp\/v2\/comments?post=9"}],"version-history":[{"count":100,"href":"https:\/\/pulsotalentojoven.com\/2025\/wp-json\/wp\/v2\/pages\/9\/revisions"}],"predecessor-version":[{"id":1882,"href":"https:\/\/pulsotalentojoven.com\/2025\/wp-json\/wp\/v2\/pages\/9\/revisions\/1882"}],"wp:attachment":[{"href":"https:\/\/pulsotalentojoven.com\/2025\/wp-json\/wp\/v2\/media?parent=9"}],"curies":[{"name":"wp","href":"https:\/\/api.w.org\/{rel}","templated":true}]}}