{"id":230,"date":"2024-07-18T16:49:08","date_gmt":"2024-07-18T19:49:08","guid":{"rendered":"https:\/\/pulsotalentojoven.com\/2025\/?page_id=230"},"modified":"2024-08-10T07:32:12","modified_gmt":"2024-08-10T10:32:12","slug":"pre-universitario-de-realizacion-de-videojuegos-3d-para-jovenes-de-15-a-18-anos","status":"publish","type":"page","link":"https:\/\/pulsotalentojoven.com\/2025\/pre-universitario-de-realizacion-de-videojuegos-3d-para-jovenes-de-15-a-18-anos\/","title":{"rendered":"Pre-Universitario de Realizaci\u00f3n de Videojuegos 3D para J\u00f3venes de 15 a 18 a\u00f1os"},"content":{"rendered":"<section class=\"l-section wpb_row us_custom_16269678 banner-promo height_medium width_full\"><div class=\"l-section-h i-cf\"><div class=\"g-cols vc_row via_flex valign_top type_default stacking_default\"><div class=\"vc_col-sm-12 wpb_column vc_column_container has_text_color\"><div class=\"vc_column-inner us_custom_6df4bc3a\"><div class=\"wpb_wrapper\"><div class=\"wpb_text_column us_custom_8251736e has_text_color hide_on_default hide_on_laptops hide_on_tablets hide_on_mobiles\"><div class=\"wpb_wrapper\"><p style=\"text-align: center\"><a href=\"https:\/\/anteriores.nuevasperspectivas.netactividades\/masterclass-gratuita-realizacion-y-arte-para-videojuegos\/\">Chate\u00e1 con el Coordinador del Curso en la Masterclass de Realizaci\u00f3n y Arte para Videojuegos + Sorteamos una Vacante. 11\/12 a las 15 hs. \ud83d\udc49 M\u00c1S INFO<\/a><\/p>\n<\/div><\/div><\/div><\/div><\/div><\/div><\/div><\/section><section class=\"l-section wpb_row us_custom_5b07abe7 height_medium\"><div class=\"l-section-h i-cf\"><div class=\"g-cols vc_row via_flex valign_top type_default stacking_default\"><div class=\"vc_col-sm-12 wpb_column vc_column_container\"><div class=\"vc_column-inner\"><div class=\"wpb_wrapper\"><div class=\"w-separator size_medium\"><\/div><div class=\"wpb_text_column\"><div class=\"wpb_wrapper\"><h1 class=\"title-alt\" style=\"text-align: center\">Muestra de Alumnos. Cursos para Chicos y Adolescentes.<\/h1>\n<h2 class=\"title-main\" style=\"text-align: center\">PRE-UNIVERSITARIO DE REALIZACI\u00d3N DE VIDEOJUEGOS 3D PARA J\u00d3VENES DE 15 A 18 A\u00d1OS<\/h2>\n<\/div><\/div><div class=\"w-separator size_small\"><\/div><div class=\"wpb_text_column\"><div class=\"wpb_wrapper\"><p><span>Estudiantes de 15 a 18 a\u00f1os crearon estos videojuegos con el motor Unity y las herramientas Bolt y Pro Builder. Su trabajo tuvo dos etapas: en la primera, programaron un videojuego de plataformas y diversos shooters; en la segunda, realizaron un videojuego en equipo. Durante el proceso, aprendieron conceptos de Game Design, Level Design y producci\u00f3n.<\/span><\/p>\n<\/div><\/div><\/div><\/div><\/div><\/div><\/div><\/section><section class=\"l-section wpb_row height_small\"><div class=\"l-section-h i-cf\"><div class=\"g-cols vc_row via_flex valign_top type_default stacking_default\"><div class=\"vc_col-sm-12 wpb_column vc_column_container\" id=\"totalpoll-template\"><div class=\"vc_column-inner\"><div class=\"wpb_wrapper\"><div class=\"wpb_text_column us_custom_b91424ac\"><div class=\"wpb_wrapper\"><div id=\"totalpoll\" class=\"totalpoll-wrapper totalpoll-uid-7149634c8c4096800884d170c7938f6a is-ltr is-screen-results\" totalpoll=\"210\" totalpoll-uid=\"7149634c8c4096800884d170c7938f6a\" totalpoll-screen=\"results\" totalpoll-ajax-url=\"https:\/\/pulsotalentojoven.com\/2025\/wp-admin\/admin-ajax.php?action=totalpoll&#038;totalpoll%5BpollId%5D=210&#038;totalpoll%5Baction%5D=view&#038;totalpoll%5Bscreen%5D=results\"><script type=\"text\/totalpoll-config\" totalpoll-config=\"210\">{\"ajaxEndpoint\":\"https:\\\/\\\/pulsotalentojoven.com\\\/2025\\\/wp-admin\\\/admin-ajax.php?action=totalpoll\",\"behaviours\":{\"ajax\":true,\"scrollUp\":true,\"async\":false},\"effects\":{\"transition\":\"fade\",\"duration\":\"500\"},\"i18n\":{\"Previous\":\"Anterior\",\"Next\":\"Siguiente\",\"of\":\"of\",\"Something went wrong! Please try again.\":\"Something went wrong! Please try again.\"}}<\/script><link rel=\"stylesheet\" id=\"totalpoll-poll-7149634c8c4096800884d170c7938f6a-css\"  href=\"https:\/\/pulsotalentojoven.com\/2025\/wp-content\/cache\/totalpoll\/css\/7149634c8c4096800884d170c7938f6a.css\" type=\"text\/css\" media=\"all\" \/><div id=\"totalpoll-poll-210\" class=\"totalpoll-container\"><form action=\"\" enctype=\"multipart\/form-data\" class=\"totalpoll-form\" method=\"POST\" novalidate=\"novalidate\"><div style=\"visibility: hidden; position: absolute; width: 0px; height: 0px;\">\n    <svg id=\"totalpoll-check-icon\" xmlns=\"http:\/\/www.w3.org\/2000\/svg\" width=\"24\" height=\"24\" viewBox=\"0 0 24 24\">\n        <path d=\"M0,0H24V24H0Z\" fill=\"none\"\/>\n        <path d=\"M9,15.1999l-4.2-4.2L2.3999,13.4,9,20.0001,22.0001,7,19.6,4.5999Z\"\/>\n    <\/svg>\n<\/div>\n    <div class=\"totalpoll-questions\">\n\t\t<div class=\"totalpoll-question\" >\n    <div class=\"totalpoll-question-container\">\n        <div class=\"totalpoll-question-content\" >\n\t\t\t        <\/div>\n\n        <div class=\"totalpoll-question-choices\">\n\t\t\t\t\t\t\t\t\t\t\t\t<div class=\"totalpoll-question-choices-item totalpoll-question-choices-item-results totalpoll-question-choices-item-type-video\" >\n    <div class=\"totalpoll-question-choices-item-container\">\n\t\t            <div class=\"totalpoll-question-choices-item-content-container has-thumbnail\">\n                <div class=\"totalpoll-question-choices-item-content\">\n\t\t\t\t\t\t\t\t\t\t\t                            <a href=\"https:\/\/player.vimeo.com\/video\/1090172866\" class=\"totalpoll-modal-open\"\n                               totalpoll-modal=\"#embed-28fbafba-ebc8-4a37-b101-3ddd03ec0e59\">\n                                <img decoding=\"async\" src=\"https:\/\/i.vimeocdn.com\/video\/2022727218-b6c1887c37ed057431081c2a13dd56e2216aca8aa399571776b3e89372354513-d_295x166?region=us\">\n                            <\/a>\n\t\t\t\t\t\t                        <div class=\"totalpoll-embed-container totalpoll-embed-type-video\" id=\"embed-28fbafba-ebc8-4a37-b101-3ddd03ec0e59\">\n\t\t\t\t\t\t\t\t\t\t\t\t\t\t\t<iframe loading=\"lazy\" src=\"https:\/\/player.vimeo.com\/video\/1090172866?app_id=122963\" width=\"426\" height=\"240\" frameborder=\"0\" allow=\"autoplay; fullscreen; picture-in-picture; clipboard-write; encrypted-media; web-share\" referrerpolicy=\"strict-origin-when-cross-origin\" title=\"Jon\u00e1s Gabriel Fern\u00e1ndez Dono y Romeo Nespolo\"><\/iframe>\t\t\t\t\t\t\t                        <\/div>\n\t\t\t\t\t                <\/div>\n            <\/div>\n\t\t        <div class=\"totalpoll-question-choices-item-label\">\n            <span >Jon\u00e1s Gabriel Fern\u00e1ndez Dono y Romeo Nespolo<\/span>\n            <div class=\"totalpoll-question-choices-item-votes\">\n                <div class=\"totalpoll-question-choices-item-votes-bar\" style=\"width: 0.00%\"><\/div>\n                <div class=\"totalpoll-question-choices-item-votes-text is-zero\"><\/div>\n            <\/div>\n        <\/div>\n    <\/div>\n<\/div>\n\t\t\t\t\t\t\t\t\t\t\t\t\t\t\t\t<div class=\"totalpoll-question-choices-item totalpoll-question-choices-item-results totalpoll-question-choices-item-type-video\" >\n    <div class=\"totalpoll-question-choices-item-container\">\n\t\t            <div class=\"totalpoll-question-choices-item-content-container has-thumbnail\">\n                <div class=\"totalpoll-question-choices-item-content\">\n\t\t\t\t\t\t\t\t\t\t\t                            <a href=\"https:\/\/player.vimeo.com\/video\/1090172840\" class=\"totalpoll-modal-open\"\n                               totalpoll-modal=\"#embed-61a6be2f-f6fe-47da-b494-f48c378a8c9f\">\n                                <img decoding=\"async\" src=\"https:\/\/i.vimeocdn.com\/video\/2022727169-77145023bdb852b0eab487dbeaaad5566ec547576c75722f90dc94b72ad29ef3-d_295x166?region=us\">\n                            <\/a>\n\t\t\t\t\t\t                        <div class=\"totalpoll-embed-container totalpoll-embed-type-video\" id=\"embed-61a6be2f-f6fe-47da-b494-f48c378a8c9f\">\n\t\t\t\t\t\t\t\t\t\t\t\t\t\t\t<iframe loading=\"lazy\" src=\"https:\/\/player.vimeo.com\/video\/1090172840?app_id=122963\" width=\"426\" height=\"240\" frameborder=\"0\" allow=\"autoplay; fullscreen; picture-in-picture; clipboard-write; encrypted-media; web-share\" referrerpolicy=\"strict-origin-when-cross-origin\" title=\"Iv\u00e1n Agust\u00edn Esp\u00edndola\"><\/iframe>\t\t\t\t\t\t\t                        <\/div>\n\t\t\t\t\t                <\/div>\n            <\/div>\n\t\t        <div class=\"totalpoll-question-choices-item-label\">\n            <span >Iv\u00e1n Agust\u00edn Esp\u00edndola<\/span>\n            <div class=\"totalpoll-question-choices-item-votes\">\n                <div class=\"totalpoll-question-choices-item-votes-bar\" style=\"width: 0.00%\"><\/div>\n                <div class=\"totalpoll-question-choices-item-votes-text is-zero\"><\/div>\n            <\/div>\n        <\/div>\n    <\/div>\n<\/div>\n\t\t\t\t\t\t\t\t\t\t\t\t\t\t\t\t<div class=\"totalpoll-question-choices-item totalpoll-question-choices-item-results totalpoll-question-choices-item-type-video\" >\n    <div class=\"totalpoll-question-choices-item-container\">\n\t\t            <div class=\"totalpoll-question-choices-item-content-container has-thumbnail\">\n                <div class=\"totalpoll-question-choices-item-content\">\n\t\t\t\t\t\t\t\t\t\t\t                            <a href=\"https:\/\/player.vimeo.com\/video\/1090172900\" class=\"totalpoll-modal-open\"\n                               totalpoll-modal=\"#embed-29998f59-94f8-4c09-9623-d0d73b13dfa2\">\n                                <img decoding=\"async\" src=\"https:\/\/i.vimeocdn.com\/video\/2022727277-8b368cde9b5504977370ff86c9a3463e91e6d472ddba38398825a9ac999367e3-d_295x166?region=us\">\n                            <\/a>\n\t\t\t\t\t\t                        <div class=\"totalpoll-embed-container totalpoll-embed-type-video\" id=\"embed-29998f59-94f8-4c09-9623-d0d73b13dfa2\">\n\t\t\t\t\t\t\t\t\t\t\t\t\t\t\t<iframe loading=\"lazy\" src=\"https:\/\/player.vimeo.com\/video\/1090172900?app_id=122963\" width=\"426\" height=\"240\" frameborder=\"0\" allow=\"autoplay; fullscreen; picture-in-picture; clipboard-write; encrypted-media; web-share\" referrerpolicy=\"strict-origin-when-cross-origin\" title=\"Valent\u00edn L\u00f3pez Torterolo y Mateo Pasquini Araujo\"><\/iframe>\t\t\t\t\t\t\t                        <\/div>\n\t\t\t\t\t                <\/div>\n            <\/div>\n\t\t        <div class=\"totalpoll-question-choices-item-label\">\n            <span >Valent\u00edn L\u00f3pez Torterolo y Mateo Pasquini Araujo<\/span>\n            <div class=\"totalpoll-question-choices-item-votes\">\n                <div class=\"totalpoll-question-choices-item-votes-bar\" style=\"width: 0.00%\"><\/div>\n                <div class=\"totalpoll-question-choices-item-votes-text is-zero\"><\/div>\n            <\/div>\n        <\/div>\n    <\/div>\n<\/div>\n\t\t\t\t\t\t\t\t\t\t\t\t\t\t\t\t<div class=\"totalpoll-question-choices-item totalpoll-question-choices-item-results totalpoll-question-choices-item-type-video\" >\n    <div class=\"totalpoll-question-choices-item-container\">\n\t\t            <div class=\"totalpoll-question-choices-item-content-container has-thumbnail\">\n                <div class=\"totalpoll-question-choices-item-content\">\n\t\t\t\t\t\t\t\t\t\t\t                            <a href=\"https:\/\/player.vimeo.com\/video\/1090172948\" class=\"totalpoll-modal-open\"\n                               totalpoll-modal=\"#embed-a8b15158-8519-4522-8e1d-a304bfeeef71\">\n                                <img decoding=\"async\" src=\"https:\/\/i.vimeocdn.com\/video\/2022727297-0b5b5595026c084bb7659dc923a7e7cbede79ee57cb47435a118ab604a8076e7-d_295x166?region=us\">\n                            <\/a>\n\t\t\t\t\t\t                        <div class=\"totalpoll-embed-container totalpoll-embed-type-video\" id=\"embed-a8b15158-8519-4522-8e1d-a304bfeeef71\">\n\t\t\t\t\t\t\t                                <video src=\"https:\/\/player.vimeo.com\/video\/1090172948\"\n                                       controls\n                                       poster=\"https:\/\/i.vimeocdn.com\/video\/2022727297-0b5b5595026c084bb7659dc923a7e7cbede79ee57cb47435a118ab604a8076e7-d_295x166?region=us\"\n                                       preload=\"none\"><\/video>\n\t\t\t\t\t\t\t                        <\/div>\n\t\t\t\t\t                <\/div>\n            <\/div>\n\t\t        <div class=\"totalpoll-question-choices-item-label\">\n            <span >Micaela Yazm\u00edn Marchione y Lautaro Mateo Mu\u00f1oz Tedesco<\/span>\n            <div class=\"totalpoll-question-choices-item-votes\">\n                <div class=\"totalpoll-question-choices-item-votes-bar\" style=\"width: 0.00%\"><\/div>\n                <div class=\"totalpoll-question-choices-item-votes-text is-zero\"><\/div>\n            <\/div>\n        <\/div>\n    <\/div>\n<\/div>\n\t\t\t\t\t\t\t\t\t\t\t\t\t\t\t\t<div class=\"totalpoll-question-choices-item totalpoll-question-choices-item-results totalpoll-question-choices-item-type-video\" >\n    <div class=\"totalpoll-question-choices-item-container\">\n\t\t            <div class=\"totalpoll-question-choices-item-content-container has-thumbnail\">\n                <div class=\"totalpoll-question-choices-item-content\">\n\t\t\t\t\t\t\t\t\t\t\t                            <a href=\"https:\/\/player.vimeo.com\/video\/1090173001\" class=\"totalpoll-modal-open\"\n                               totalpoll-modal=\"#embed-4c4d6d45-8977-4a41-8583-8dc80d945cc6\">\n                                <img decoding=\"async\" src=\"https:\/\/i.vimeocdn.com\/video\/2022727327-478ad41dbed41e159f1d5864fe0daac9bb2d6879a1a367ba49cbed074c2aeab2-d_295x166?region=us\">\n                            <\/a>\n\t\t\t\t\t\t                        <div class=\"totalpoll-embed-container totalpoll-embed-type-video\" id=\"embed-4c4d6d45-8977-4a41-8583-8dc80d945cc6\">\n\t\t\t\t\t\t\t\t\t\t\t\t\t\t\t<iframe loading=\"lazy\" src=\"https:\/\/player.vimeo.com\/video\/1090173001?app_id=122963\" width=\"426\" height=\"240\" frameborder=\"0\" allow=\"autoplay; fullscreen; picture-in-picture; clipboard-write; encrypted-media; web-share\" referrerpolicy=\"strict-origin-when-cross-origin\" title=\"Camilo Ernesto Ruiz\"><\/iframe>\t\t\t\t\t\t\t                        <\/div>\n\t\t\t\t\t                <\/div>\n            <\/div>\n\t\t        <div class=\"totalpoll-question-choices-item-label\">\n            <span >Camilo Ernesto Ruiz<\/span>\n            <div class=\"totalpoll-question-choices-item-votes\">\n                <div class=\"totalpoll-question-choices-item-votes-bar\" style=\"width: 0.00%\"><\/div>\n                <div class=\"totalpoll-question-choices-item-votes-text is-zero\"><\/div>\n            <\/div>\n        <\/div>\n    <\/div>\n<\/div>\n\t\t\t\t\t\t\t\t\t\t\t\t\t\t\t\t<div class=\"totalpoll-question-choices-item totalpoll-question-choices-item-results totalpoll-question-choices-item-type-video\" >\n    <div class=\"totalpoll-question-choices-item-container\">\n\t\t            <div class=\"totalpoll-question-choices-item-content-container has-thumbnail\">\n                <div class=\"totalpoll-question-choices-item-content\">\n\t\t\t\t\t\t\t\t\t\t\t                            <a href=\"https:\/\/player.vimeo.com\/video\/1090172800\" class=\"totalpoll-modal-open\"\n                               totalpoll-modal=\"#embed-6bb8772e-61b9-4f15-afc8-39e170320d5e\">\n                                <img decoding=\"async\" src=\"https:\/\/i.vimeocdn.com\/video\/2022727123-3292ae3c5d216970967b0aeeb7a459eedfdb0c97e1fec62bf9c4b335bf6a7651-d_295x166?region=us\">\n                            <\/a>\n\t\t\t\t\t\t                        <div class=\"totalpoll-embed-container totalpoll-embed-type-video\" id=\"embed-6bb8772e-61b9-4f15-afc8-39e170320d5e\">\n\t\t\t\t\t\t\t\t\t\t\t\t\t\t\t<iframe loading=\"lazy\" src=\"https:\/\/player.vimeo.com\/video\/1090172800?app_id=122963\" width=\"426\" height=\"240\" frameborder=\"0\" allow=\"autoplay; fullscreen; picture-in-picture; clipboard-write; encrypted-media; web-share\" referrerpolicy=\"strict-origin-when-cross-origin\" title=\"Genaro Ariel Bassanetti\"><\/iframe>\t\t\t\t\t\t\t                        <\/div>\n\t\t\t\t\t                <\/div>\n            <\/div>\n\t\t        <div class=\"totalpoll-question-choices-item-label\">\n            <span >Genaro Ariel Bassanetti<\/span>\n            <div class=\"totalpoll-question-choices-item-votes\">\n                <div class=\"totalpoll-question-choices-item-votes-bar\" style=\"width: 0.00%\"><\/div>\n                <div class=\"totalpoll-question-choices-item-votes-text is-zero\"><\/div>\n            <\/div>\n        <\/div>\n    <\/div>\n<\/div>\n\t\t\t\t\t\t\t        <\/div>\n    <\/div>\n<\/div>\n    <\/div>\n\t<div class=\"totalpoll-form-hidden-fields\">\n\t<div class=\"totalpoll-form-page\"><div class=\"totalpoll-form-field-hidden\"><div class=\"totalpoll-form-field totalpoll-form-field-type-hidden totalpoll-column-full\"><div class=\"totalpoll-form-field-wrapper\"><input type=\"hidden\" name=\"totalpoll[screen]\" value=\"results\" class=\"totalpoll-form-field-input\"><div class=\"totalpoll-form-field-errors\"><\/div><\/div><\/div><\/div><div class=\"totalpoll-form-field-hidden\"><div class=\"totalpoll-form-field totalpoll-form-field-type-hidden totalpoll-column-full\"><div class=\"totalpoll-form-field-wrapper\"><input type=\"hidden\" name=\"totalpoll[pollId]\" value=\"210\" class=\"totalpoll-form-field-input\"><div class=\"totalpoll-form-field-errors\"><\/div><\/div><\/div><\/div><div class=\"totalpoll-form-field-hidden\"><div class=\"totalpoll-form-field totalpoll-form-field-type-hidden totalpoll-column-full\"><div class=\"totalpoll-form-field-wrapper\"><input type=\"hidden\" name=\"totalpoll[action]\" value=\"\" class=\"totalpoll-form-field-input\"><div class=\"totalpoll-form-field-errors\"><\/div><\/div><\/div><\/div><\/div><\/div>\n<div class=\"totalpoll-buttons\">\n\t<\/div>\n<\/form><\/div><\/div>\n<\/div><\/div><\/div><\/div><\/div><\/div><\/div><\/section><section class=\"l-section wpb_row us_custom_31b9ec70 module-color secondary height_medium\" id=\"promo-footer-current-event\"><div class=\"l-section-h i-cf\"><div class=\"g-cols vc_row via_flex valign_top type_default stacking_default\"><div class=\"vc_col-sm-12 wpb_column vc_column_container\"><div class=\"vc_column-inner\"><div class=\"wpb_wrapper\"><div class=\"w-separator size_small\"><\/div><div class=\"wpb_text_column us_custom_0259209c has_text_color\"><div class=\"wpb_wrapper\"><h2 style=\"text-align: center;\">Conoc\u00e9 los Cursos para<br \/>\nChicos y Adolescentes<\/h2>\n<\/div><\/div><div class=\"w-separator size_small\"><\/div><div class=\"w-btn-wrapper align_center\"><a class=\"w-btn us-btn-style_4\" target=\"_blank\" rel=\"nofollow\" title=\"Cursos de Formaci\u00f3n Profesional\" href=\"https:\/\/davinci.edu.ar\/cursos\/chicos\"><span class=\"w-btn-label\">Ver cursos<\/span><\/a><\/div><\/div><\/div><\/div><\/div><\/div><\/section>\n\n","protected":false},"excerpt":{"rendered":"Chate\u00e1 con el Coordinador del Curso en la Masterclass de Realizaci\u00f3n y Arte para Videojuegos + Sorteamos una Vacante. 11\/12 a las 15 hs. \ud83d\udc49 M\u00c1S INFO Muestra de Alumnos. Cursos para Chicos y Adolescentes. PRE-UNIVERSITARIO DE REALIZACI\u00d3N DE VIDEOJUEGOS 3D PARA J\u00d3VENES DE 15 A 18 A\u00d1OS Estudiantes de 15 a 18 a\u00f1os crearon...","protected":false},"author":1,"featured_media":0,"parent":0,"menu_order":0,"comment_status":"closed","ping_status":"closed","template":"","meta":{"ngg_post_thumbnail":0,"footnotes":""},"class_list":["post-230","page","type-page","status-publish","hentry"],"_links":{"self":[{"href":"https:\/\/pulsotalentojoven.com\/2025\/wp-json\/wp\/v2\/pages\/230","targetHints":{"allow":["GET"]}}],"collection":[{"href":"https:\/\/pulsotalentojoven.com\/2025\/wp-json\/wp\/v2\/pages"}],"about":[{"href":"https:\/\/pulsotalentojoven.com\/2025\/wp-json\/wp\/v2\/types\/page"}],"author":[{"embeddable":true,"href":"https:\/\/pulsotalentojoven.com\/2025\/wp-json\/wp\/v2\/users\/1"}],"replies":[{"embeddable":true,"href":"https:\/\/pulsotalentojoven.com\/2025\/wp-json\/wp\/v2\/comments?post=230"}],"version-history":[{"count":5,"href":"https:\/\/pulsotalentojoven.com\/2025\/wp-json\/wp\/v2\/pages\/230\/revisions"}],"predecessor-version":[{"id":1051,"href":"https:\/\/pulsotalentojoven.com\/2025\/wp-json\/wp\/v2\/pages\/230\/revisions\/1051"}],"wp:attachment":[{"href":"https:\/\/pulsotalentojoven.com\/2025\/wp-json\/wp\/v2\/media?parent=230"}],"curies":[{"name":"wp","href":"https:\/\/api.w.org\/{rel}","templated":true}]}}