{"id":9,"date":"2024-06-12T12:49:00","date_gmt":"2024-06-12T15:49:00","guid":{"rendered":"https:\/\/pulsotalentojoven.com\/2024\/inicio\/"},"modified":"2024-08-16T12:15:10","modified_gmt":"2024-08-16T15:15:10","slug":"inicio","status":"publish","type":"page","link":"https:\/\/pulsotalentojoven.com\/2024\/","title":{"rendered":"Inicio"},"content":{"rendered":"<section class=\"l-section wpb_row us_custom_16269678 banner-promo height_medium width_full\"><div class=\"l-section-h i-cf\"><div class=\"g-cols vc_row via_flex valign_top type_default stacking_default\"><div class=\"vc_col-sm-12 wpb_column vc_column_container has_text_color\"><div class=\"vc_column-inner us_custom_6df4bc3a\"><div class=\"wpb_wrapper\"><div class=\"wpb_text_column us_custom_03d108ea has_text_color\"><div class=\"wpb_wrapper\"><p style=\"text-align: center\">Bienvenidos a la Muestra de J\u00f3venes Artistas de Escuela Da Vinci<\/p>\n<\/div><\/div><\/div><\/div><\/div><\/div><\/div><\/section><section class=\"l-section wpb_row home-zeppelin height_auto parallax_ver\"><div class=\"l-section-h i-cf\"><div class=\"g-cols vc_row via_flex valign_top type_default stacking_default\"><div class=\"vc_col-sm-12 wpb_column vc_column_container\"><div class=\"vc_column-inner\"><div class=\"wpb_wrapper\"><div class=\"g-cols wpb_row via_flex valign_top type_default stacking_default\"><div class=\"vc_col-sm-12 wpb_column vc_column_container\"><div class=\"vc_column-inner\"><div class=\"wpb_wrapper\">\n\t\t\t\t<p class=\"rs-p-wp-fix\"><\/p>\n\t\t\t\t<sr7-module data-alias=\"home-2022\" data-id=\"1\" id=\"SR7_1_1\" class=\"rs-ov-hidden\" data-version=\"6.7.41\">\n\t\t\t\t\t<sr7-adjuster><\/sr7-adjuster>\n\t\t\t\t\t<sr7-content>\n\t\t\t\t\t\t<sr7-slide id=\"SR7_1_1-1\" data-key=\"1\">\n\t\t\t\t\t\t\t<sr7-bg id=\"SR7_1_1-1-8\" class=\"sr7-layer\"><noscript><img decoding=\"async\" src=\"http:\/\/pulsotalentojoven.com\/2024\/wp-content\/uploads\/revslider\/home-2022\/hero-background.png\" alt=\"\" title=\"hero-background.png\"><\/noscript><\/sr7-bg>\n\t\t\t\t\t\t<\/sr7-slide>\n\t\t\t\t\t\t<sr7-slide id=\"SR7_1_1-2\" data-key=\"2\">\n\t\t\t\t\t\t<\/sr7-slide>\n\t\t\t\t\t<\/sr7-content>\n\t\t\t\t\t<image_lists style=\"display:none\">\n\t\t\t\t\t\t<img data-src=\"\/\/pulsotalentojoven.com\/2024\/wp-content\/uploads\/sites\/2\/2025\/05\/hero-play.png\" data-libid=\"1340\" data-lib=\"medialibrary\" title=\"hero-play\" width=\"0\" height=\"0\" data-dbsrc=\"Ly9wdWxzb3RhbGVudG9qb3Zlbi5jb20vMjAyNC93cC1jb250ZW50L3VwbG9hZHMvc2l0ZXMvMi8yMDI1LzA1L2hlcm8tcGxheS5wbmc=\"\/>\n\t\t\t\t\t\t<img data-src=\"\/\/pulsotalentojoven.com\/2024\/wp-content\/uploads\/sites\/2\/2024\/08\/home-slider-title-.png\" data-libid=\"521\" data-lib=\"medialibrary\" title=\"home-slider-title-\" width=\"0\" height=\"0\" data-dbsrc=\"Ly9wdWxzb3RhbGVudG9qb3Zlbi5jb20vMjAyNC93cC1jb250ZW50L3VwbG9hZHMvc2l0ZXMvMi8yMDI0LzA4L2hvbWUtc2xpZGVyLXRpdGxlLS5wbmc=\"\/>\n\t\t\t\t\t\t<img data-src=\"\/\/pulsotalentojoven.com\/2024\/wp-content\/uploads\/sites\/2\/2025\/05\/zepelin-small-relleno.png\" data-libid=\"1338\" data-lib=\"medialibrary\" title=\"zepelin-small-relleno\" width=\"0\" height=\"0\" data-dbsrc=\"Ly9wdWxzb3RhbGVudG9qb3Zlbi5jb20vMjAyNC93cC1jb250ZW50L3VwbG9hZHMvc2l0ZXMvMi8yMDI1LzA1L3plcGVsaW4tc21hbGwtcmVsbGVuby5wbmc=\"\/>\n\t\t\t\t\t\t<img data-src=\"\/\/pulsotalentojoven.com\/2024\/wp-content\/uploads\/sites\/2\/2025\/05\/Hero-Arte.png\" data-libid=\"1339\" data-lib=\"medialibrary\" title=\"Hero-Arte\" width=\"0\" height=\"0\" data-dbsrc=\"Ly9wdWxzb3RhbGVudG9qb3Zlbi5jb20vMjAyNC93cC1jb250ZW50L3VwbG9hZHMvc2l0ZXMvMi8yMDI1LzA1L0hlcm8tQXJ0ZS5wbmc=\"\/>\n\t\t\t\t\t\t<img data-src=\"\/\/pulsotalentojoven.com\/2024\/wp-content\/uploads\/revslider\/home-2022\/hero-background.png\" data-libid=\"16\" data-lib=\"medialibrary\" title=\"hero-background.png\" width=\"0\" height=\"0\" data-dbsrc=\"Ly9wdWxzb3RhbGVudG9qb3Zlbi5jb20vMjAyNC93cC1jb250ZW50L3VwbG9hZHMvcmV2c2xpZGVyL2hvbWUtMjAyMi9oZXJvLWJhY2tncm91bmQucG5n\"\/>\n\t\t\t\t\t<\/image_lists>\n\t\t\t\t<\/sr7-module>\n\t\t\t\t<script>\n\t\t\t\t\tSR7.PMH ??={}; SR7.PMH[\"SR7_1_1\"] = {cn:100,state:false,fn: function() { if (_tpt!==undefined && _tpt.prepareModuleHeight !== undefined) {  _tpt.prepareModuleHeight({id:\"SR7_1_1\",el:[800,800,768,960,600],type:'hero',shdw:'0',gh:[800,800,768,960,600],gw:[1240,1240,1024,778,480],vpt:['-100px&#039;,&#039;-100px&#039;,&#039;-100px&#039;,&#039;-100px&#039;,&#039;-100px'],size:{fullWidth:true, fullHeight:true},fho:'',mh:'0',onh:0,onw:0,bg:{color:'{\"orig\":\"transparent\",\"type\":\"solid\",\"string\":\"transparent\"}'},plType:'10',plColor:'rgba(0, 32, 94, 0.3)'});   SR7.PMH[\"SR7_1_1\"].state=true;} else if(SR7.PMH[\"SR7_1_1\"].cn-->0)\tsetTimeout( SR7.PMH[\"SR7_1_1\"].fn,19);}};SR7.PMH[\"SR7_1_1\" ].fn();\n\t\t\t\t<\/script>\n<\/div><\/div><\/div><\/div><div class=\"g-cols wpb_row highlight-boxes same-tall-cols via_flex valign_top type_default stacking_default\"><div class=\"vc_col-sm-6 wpb_column vc_column_container has-link\"><div class=\"vc_column-inner\"><div class=\"wpb_wrapper\"><div class=\"wpb_text_column\"><div class=\"wpb_wrapper\"><p><b>EXPLOR\u00c1 LAS NUEVAS PRODUCCIONES<\/b><\/p>\n<p>Entrando en las distintas secciones a continuaci\u00f3n, pod\u00e9s ver los trabajos de los alumnos seg\u00fan el curso, y ver el fruto del gran trabajo que hicieron. \u00a1Felicitaciones, chicos!<\/p>\n<\/div><\/div><\/div><\/div><a href=\"https:\/\/pulsotalentojoven.com\/2024\/inicio\/#programa\" class=\"vc_column-link smooth-scroll\" aria-label=\"Enlace\"><\/a><\/div><div class=\"vc_col-sm-6 wpb_column vc_column_container has-link\"><div class=\"vc_column-inner\"><div class=\"wpb_wrapper\"><div class=\"wpb_text_column\"><div class=\"wpb_wrapper\"><p><span style=\"font-weight: 400\"><b>FOTOS Y VIDEO DE LA ENTREGA DE CERTIFICADOS<\/b><\/span><\/p>\n<p>Ya est\u00e1n las fotos de lo que fue la hermosa entrega de certificados en la escuela. Tambi\u00e9n pod\u00e9s ver el video de la transmisi\u00f3n completa. \u00a1Busc\u00e1 tu imagen en la galer\u00eda!<\/p>\n<\/div><\/div><\/div><\/div><a href=\"https:\/\/pulsotalentojoven.com\/2024\/entrega-de-certificados\/\" class=\"vc_column-link smooth-scroll\" aria-label=\"Enlace\"><\/a><\/div><\/div><div class=\"g-cols wpb_row via_flex valign_top type_default stacking_default\" style=\"--additional-gap:48px;\" id=\"programa\"><div class=\"vc_col-sm-12 wpb_column vc_column_container\"><div class=\"vc_column-inner\"><div class=\"wpb_wrapper\"><div class=\"w-separator size_huge\"><\/div><div class=\"wpb_text_column us_custom_6d566ed5 home-title-spaced\"><div class=\"wpb_wrapper\"><h1 class=\"abril-fatface home-title title-custom-underline\" style=\"text-align: center\">Trabajos de Alumnos<\/h1>\n<\/div><\/div><\/div><\/div><\/div><\/div><div class=\"g-cols wpb_row us_custom_2eec13b6 forced-grid-321 via_flex valign_top type_default stacking_default\"><div class=\"vc_col-sm-12 wpb_column vc_column_container\"><div class=\"vc_column-inner us_custom_8d45c27c\"><div class=\"wpb_wrapper\"><div class=\"w-flipbox home-flipbox animation_coveropen direction_w\"><div class=\"w-flipbox-h easing_ease\" style=\"transition-duration:0.5s;\"><div class=\"w-flipbox-hh\"><div class=\"w-flipbox-front us_custom_e5aea6d2\" style=\"color:var(--color-header-middle-bg);background-image:url(https:\/\/pulsotalentojoven.com\/2024\/wp-content\/uploads\/sites\/2\/2024\/07\/videojuegos-2d-9-a-11_a.png);\"><div class=\"w-flipbox-front-h\"><h2 class=\"w-flipbox-front-title\">REALIZACI\u00d3N DE VIDEOJUEGOS 2D (9 a 11)<\/h2><\/div><\/div><div class=\"w-flipbox-back us_custom_e5aea6d2\" style=\"display:none;color:var(--color-header-middle-bg);background-image:url(https:\/\/pulsotalentojoven.com\/2024\/wp-content\/uploads\/sites\/2\/2024\/07\/videojuegos-2d-9-a-11_b.png);\"><div class=\"w-flipbox-back-h\"><h2 class=\"w-flipbox-back-title\">REALIZACI\u00d3N DE VIDEOJUEGOS 2D (9 a 11)<\/h2><\/div><\/div><\/div><\/div><a href=\"https:\/\/pulsotalentojoven.com\/2024\/realizacion-de-videojuegos-2d-para-chicos-de-9-a-11-anos\/\"><\/a><\/div><div class=\"w-flipbox home-flipbox animation_coveropen direction_n\"><div class=\"w-flipbox-h easing_ease\" style=\"transition-duration:0.5s;\"><div class=\"w-flipbox-hh\"><div class=\"w-flipbox-front\" style=\"color:var(--color-header-middle-bg);background-image:url(https:\/\/pulsotalentojoven.com\/2024\/wp-content\/uploads\/sites\/2\/2024\/07\/videojuegos-2d-12-a-14_a.png);\"><div class=\"w-flipbox-front-h\"><h2 class=\"w-flipbox-front-title\">REALIZACI\u00d3N DE VIDEOJUEGOS 2D (12 a 14)<\/h2><\/div><\/div><div class=\"w-flipbox-back\" style=\"display:none;color:var(--color-header-middle-bg);background-image:url(https:\/\/pulsotalentojoven.com\/2024\/wp-content\/uploads\/sites\/2\/2024\/07\/videojuegos-2d-12-a-14_b.png);\"><div class=\"w-flipbox-back-h\"><h2 class=\"w-flipbox-back-title\">REALIZACI\u00d3N DE VIDEOJUEGOS 2D (12 a 14)<\/h2><\/div><\/div><\/div><\/div><a href=\"https:\/\/pulsotalentojoven.com\/2024\/realizacion-de-videojuegos-2d-para-chicos-de-12-a-14-anos\/\"><\/a><\/div><div class=\"w-flipbox home-flipbox animation_coveropen direction_e\"><div class=\"w-flipbox-h easing_ease\" style=\"transition-duration:0.5s;\"><div class=\"w-flipbox-hh\"><div class=\"w-flipbox-front\" style=\"color:var(--color-header-middle-bg);background-image:url(https:\/\/pulsotalentojoven.com\/2024\/wp-content\/uploads\/sites\/2\/2024\/07\/videojuegos-2d-15-a-18_a.png);\"><div class=\"w-flipbox-front-h\"><h2 class=\"w-flipbox-front-title\">PRE-UNIVERSITARIO DE REALIZACI\u00d3N DE VIDEOJUEGOS 2D (15 a 18)<\/h2><\/div><\/div><div class=\"w-flipbox-back\" style=\"display:none;color:var(--color-header-middle-bg);background-image:url(https:\/\/pulsotalentojoven.com\/2024\/wp-content\/uploads\/sites\/2\/2024\/07\/videojuegos-2d-15-a-18_b.png);\"><div class=\"w-flipbox-back-h\"><h2 class=\"w-flipbox-back-title\">PRE-UNIVERSITARIO DE REALIZACI\u00d3N DE VIDEOJUEGOS 2D (15 a 18)<\/h2><\/div><\/div><\/div><\/div><a title=\"Quienes somos\" href=\"https:\/\/pulsotalentojoven.com\/2024\/pre-universitario-de-realizacion-de-videojuegos-2d-para-jovenes-de-15-a-18-anos\/\"><\/a><\/div><div class=\"w-flipbox home-flipbox animation_coveropen direction_w\"><div class=\"w-flipbox-h easing_ease\" style=\"transition-duration:0.5s;\"><div class=\"w-flipbox-hh\"><div class=\"w-flipbox-front\" style=\"color:var(--color-header-middle-bg);background-image:url(https:\/\/pulsotalentojoven.com\/2024\/wp-content\/uploads\/sites\/2\/2024\/07\/videojuegos-3d-15-a-18_a.png);\"><div class=\"w-flipbox-front-h\"><h2 class=\"w-flipbox-front-title\">PRE-UNIVERSITARIO DE REALIZACI\u00d3N DE VIDEOJUEGOS 3D (15 a 18)<\/h2><\/div><\/div><div class=\"w-flipbox-back\" style=\"display:none;color:var(--color-header-middle-bg);background-image:url(https:\/\/pulsotalentojoven.com\/2024\/wp-content\/uploads\/sites\/2\/2024\/07\/videojuegos-3d-15-a-18_b.png);\"><div class=\"w-flipbox-back-h\"><h2 class=\"w-flipbox-back-title\">PRE-UNIVERSITARIO DE REALIZACI\u00d3N DE VIDEOJUEGOS 3D (15 a 18)<\/h2><\/div><\/div><\/div><\/div><a title=\"Quienes somos\" href=\"https:\/\/pulsotalentojoven.com\/2024\/pre-universitario-de-realizacion-de-videojuegos-3d-para-jovenes-de-15-a-18-anos\/\"><\/a><\/div><div class=\"w-flipbox home-flipbox animation_coveropen direction_n\"><div class=\"w-flipbox-h easing_ease\" style=\"transition-duration:0.5s;\"><div class=\"w-flipbox-hh\"><div class=\"w-flipbox-front\" style=\"color:var(--color-header-middle-bg);background-image:url(https:\/\/pulsotalentojoven.com\/2024\/wp-content\/uploads\/sites\/2\/2024\/07\/ilustracion-9-a-12_a.png);\"><div class=\"w-flipbox-front-h\"><h2 class=\"w-flipbox-front-title\">INICIACI\u00d3N A LA ILUSTRACI\u00d3N ART\u00cdSTICA\/DIGITAL (9 a 12)<\/h2><\/div><\/div><div class=\"w-flipbox-back\" style=\"display:none;color:var(--color-header-middle-bg);background-image:url(https:\/\/pulsotalentojoven.com\/2024\/wp-content\/uploads\/sites\/2\/2024\/07\/ilustracion-9-a-12_b.png);\"><div class=\"w-flipbox-back-h\"><h2 class=\"w-flipbox-back-title\">INICIACI\u00d3N A LA ILUSTRACI\u00d3N ART\u00cdSTICA\/DIGITAL (9 a 12)<\/h2><\/div><\/div><\/div><\/div><a title=\"Quienes somos\" href=\"https:\/\/pulsotalentojoven.com\/2024\/iniciacion-a-la-ilustracion-artistica-digital-para-chicos-de-9-a-12-anos\/\"><\/a><\/div><div class=\"w-flipbox home-flipbox animation_coveropen direction_e\"><div class=\"w-flipbox-h easing_ease\" style=\"transition-duration:0.5s;\"><div class=\"w-flipbox-hh\"><div class=\"w-flipbox-front\" style=\"color:var(--color-header-middle-bg);background-image:url(https:\/\/pulsotalentojoven.com\/2024\/wp-content\/uploads\/sites\/2\/2024\/07\/ilustracion-13-a-17_a.png);\"><div class=\"w-flipbox-front-h\"><h2 class=\"w-flipbox-front-title\">INICIACI\u00d3N A LA ILUSTRACI\u00d3N ART\u00cdSTICA\/DIGITAL (13 a 17)<\/h2><\/div><\/div><div class=\"w-flipbox-back\" style=\"display:none;color:var(--color-header-middle-bg);background-image:url(https:\/\/pulsotalentojoven.com\/2024\/wp-content\/uploads\/sites\/2\/2024\/07\/Ilustracion-13-a-17_b.png);\"><div class=\"w-flipbox-back-h\"><h2 class=\"w-flipbox-back-title\">INICIACI\u00d3N A LA ILUSTRACI\u00d3N ART\u00cdSTICA\/DIGITAL (13 a 17)<\/h2><\/div><\/div><\/div><\/div><a title=\"Quienes somos\" href=\"https:\/\/pulsotalentojoven.com\/2024\/iniciacion-a-la-ilustracion-artistica-digital-para-jovenes-de-13-a-17-anos\/\"><\/a><\/div><div class=\"w-flipbox home-flipbox animation_coveropen direction_w\"><div class=\"w-flipbox-h easing_ease\" style=\"transition-duration:0.5s;\"><div class=\"w-flipbox-hh\"><div class=\"w-flipbox-front\" style=\"color:var(--color-header-middle-bg);background-image:url(https:\/\/pulsotalentojoven.com\/2024\/wp-content\/uploads\/sites\/2\/2024\/07\/historietas_a.png);\"><div class=\"w-flipbox-front-h\"><h2 class=\"w-flipbox-front-title\">REALIZACI\u00d3N DE HISTORIETAS<\/h2><\/div><\/div><div class=\"w-flipbox-back\" style=\"display:none;color:var(--color-header-middle-bg);background-image:url(https:\/\/pulsotalentojoven.com\/2024\/wp-content\/uploads\/sites\/2\/2024\/07\/historietas_b.png);\"><div class=\"w-flipbox-back-h\"><h2 class=\"w-flipbox-back-title\">REALIZACI\u00d3N DE HISTORIETAS<\/h2><\/div><\/div><\/div><\/div><a title=\"Quienes somos\" href=\"https:\/\/pulsotalentojoven.com\/2024\/realizacion-de-historietas-para-jovenes-de-13-a-17-anos\/\"><\/a><\/div><div class=\"w-flipbox home-flipbox animation_coveropen direction_s\"><div class=\"w-flipbox-h easing_ease\" style=\"transition-duration:0.5s;\"><div class=\"w-flipbox-hh\"><div class=\"w-flipbox-front\" style=\"color:var(--color-header-middle-bg);background-image:url(https:\/\/pulsotalentojoven.com\/2024\/wp-content\/uploads\/sites\/2\/2024\/08\/certificados_a.png);\"><div class=\"w-flipbox-front-h\"><h2 class=\"w-flipbox-front-title\">FOTOS Y VIDEOS DE ENTREGA DE CERTIFICADOS<\/h2><\/div><\/div><div class=\"w-flipbox-back\" style=\"display:none;color:var(--color-header-middle-bg);background-image:url(https:\/\/pulsotalentojoven.com\/2024\/wp-content\/uploads\/sites\/2\/2024\/08\/certificados_b.png);\"><div class=\"w-flipbox-back-h\"><h2 class=\"w-flipbox-back-title\">FOTOS Y VIDEOS DE ENTREGA DE CERTIFICADOS<\/h2><\/div><\/div><\/div><\/div><a href=\"https:\/\/pulsotalentojoven.com\/2024\/entrega-de-certificados\/\"><\/a><\/div><div class=\"w-flipbox home-flipbox animation_coveropen direction_e\"><div class=\"w-flipbox-h easing_ease\" style=\"transition-duration:0.5s;\"><div class=\"w-flipbox-hh\"><div class=\"w-flipbox-front\" style=\"color:var(--color-header-middle-bg);background-image:url(https:\/\/pulsotalentojoven.com\/2024\/wp-content\/uploads\/sites\/2\/2024\/07\/quienes_a.png);\"><div class=\"w-flipbox-front-h\"><h2 class=\"w-flipbox-front-title\">QUI\u00c9NES SOMOS<\/h2><\/div><\/div><div class=\"w-flipbox-back\" style=\"display:none;color:var(--color-header-middle-bg);background-image:url(https:\/\/pulsotalentojoven.com\/2024\/wp-content\/uploads\/sites\/2\/2024\/07\/quienes_b.png);\"><div class=\"w-flipbox-back-h\"><h2 class=\"w-flipbox-back-title\">QUI\u00c9NES SOMOS<\/h2><\/div><\/div><\/div><\/div><a title=\"Quienes somos\" href=\"https:\/\/pulsotalentojoven.com\/2024\/quienes-somos\/\"><\/a><\/div><\/div><\/div><\/div><\/div><div class=\"w-separator size_large\"><\/div><\/div><\/div><\/div><\/div><\/div><\/section><section class=\"l-section wpb_row height_auto\"><div class=\"l-section-h i-cf\"><div class=\"g-cols vc_row via_flex valign_top type_default stacking_default\"><div class=\"vc_col-sm-12 wpb_column vc_column_container\"><div class=\"vc_column-inner\"><div class=\"wpb_wrapper\"><div class=\"wpb_text_column\"><div class=\"wpb_wrapper\"><h1 class=\"abril-fatface home-title title-custom-underline\" style=\"text-align: center;max-width: 700px;margin: auto\">Mensaje de la Directora de Cursos<\/h1>\n<\/div><\/div><div class=\"w-image full-width align_center\"><div class=\"w-image-h\"><img decoding=\"async\" width=\"1920\" height=\"630\" src=\"https:\/\/pulsotalentojoven.com\/2024\/wp-content\/uploads\/sites\/2\/2024\/06\/tipitos_pie-1.png\" class=\"attachment-full size-full\" alt=\"\" loading=\"lazy\" srcset=\"https:\/\/pulsotalentojoven.com\/2024\/wp-content\/uploads\/sites\/2\/2024\/06\/tipitos_pie-1.png 1920w, https:\/\/pulsotalentojoven.com\/2024\/wp-content\/uploads\/sites\/2\/2024\/06\/tipitos_pie-1-600x197.png 600w, https:\/\/pulsotalentojoven.com\/2024\/wp-content\/uploads\/sites\/2\/2024\/06\/tipitos_pie-1-1024x336.png 1024w\" sizes=\"auto, (max-width: 1920px) 100vw, 1920px\" \/><\/div><\/div><div class=\"wpb_text_column us_custom_05c789b4 two-cols-text\"><div class=\"wpb_wrapper\"><p><span style=\"font-weight: 400\">\u00a1<\/span><b>Bienvenidos<\/b><span style=\"font-weight: 400\"> a nuestra primera muestra virtual de la <\/span><b>Academia Art\u00edstica\/Tecnol\u00f3gica<\/b><span style=\"font-weight: 400\">! La llamamos <\/span><b>PULSO 2024: <\/b><b><i>Play<\/i><\/b><span style=\"font-weight: 400\">.<\/span><\/p>\n<p><span style=\"font-weight: 400\">Aqu\u00ed podr\u00e1n ver los trabajos creados por los alumnos de los <\/span><b>Cursos para Chicos y J\u00f3venes de Realizaci\u00f3n de Videojuegos, Ilustraci\u00f3n y Comics<\/b><span style=\"font-weight: 400\"> durante el 2023 y el primer cuatrimestre del 2024.<\/span><\/p>\n<p><span style=\"font-weight: 400\">La hemos llamado <\/span><b><i>PULSO<\/i><\/b><span style=\"font-weight: 400\"> porque el pulso es, al igual que esta exhibici\u00f3n, algo que surge desde adentro y se manifiesta hacia afuera. <\/span><b>Aqu\u00ed podr\u00e1n observar lo que cada uno cre\u00f3 al ritmo de su coraz\u00f3n, con un trazo propio, \u00fanico<\/b><span style=\"font-weight: 400\">.<\/span><\/p>\n<p><span style=\"font-weight: 400\">Este a\u00f1o quisimos adem\u00e1s te\u00f1ir la identidad con otra idea: <\/span><b><i>PLAY<\/i><\/b><span style=\"font-weight: 400\">. Podr\u00edamos haberlo dicho en espa\u00f1ol nom\u00e1s, \u201cJUGAR\u201d, pero la palabra en ingl\u00e9s despliega un abanico de significados que quisimos aprovechar. <\/span><b>\u201cPlay\u201d significa jugar, pero tambi\u00e9n tocar un instrumento, actuar, activar. Y todo eso es lo que queremos celebrar este a\u00f1o, el jugar haciendo, crear jugando.<\/b><\/p>\n<p><span style=\"font-weight: 400\">Queremos agradecer a nuestro querido <\/span><b>Mart\u00edn Ant\u00f3n<\/b><span style=\"font-weight: 400\"> por desarrollar la ilustraci\u00f3n que acompa\u00f1a le identidad que ir\u00e1 impresa en todos los certificados. Tratamos de capturar en ella el vuelo de la imaginaci\u00f3n, el proceso de gestaci\u00f3n de una idea que surge en el juego y termina generando una bella imagen que nos representa.<\/span><\/p>\n<p><span style=\"font-weight: 400\">A nuestros alumnos:<\/span><\/p>\n<p><span style=\"font-weight: 400\">\u00a1Es para nosotros un privilegio y un est\u00edmulo haberlos acompa\u00f1ado en este trecho del camino de sus historias! \u00a1<\/span><b>Esperamos que est\u00e9n tan orgullosos como nosotros de los hermosos trabajos que realizaron y que este hito sea uno de los muchos logros que los esperan cultivando sus talentos como artistas, pensadores y desarrolladores!<\/b><\/p>\n<p><b>\u00a1Deseamos que sigan jugando y que nunca deje de maravillarlos el descubrimiento del mundo, de sus capacidades, de su inteligencia y sensibilidad para crear cosas nuevas y transformar su entorno!<\/b><\/p>\n<p><span style=\"font-weight: 400\">Y sin m\u00e1s pr\u00f3logos, \u00a1pasen y vean los fant\u00e1sticos trabajos que han hecho nuestros fant\u00e1sticos alumnos!\u00a0<\/span><\/p>\n<p><b>\u00a1Felicitaciones y vamos por m\u00e1s! <\/b><\/p>\n<p>Gabriela Garc\u00eda<br \/>\nDirectora de Cursos<\/p>\n<\/div><\/div><div class=\"w-separator size_huge\"><\/div><\/div><\/div><\/div><\/div><\/div><\/section><section class=\"l-section wpb_row module-color secondary height_medium\" id=\"promo-footer-current-event\"><div class=\"l-section-h i-cf\"><div class=\"g-cols vc_row via_flex valign_top type_default stacking_default\"><div class=\"vc_col-sm-12 wpb_column vc_column_container\"><div class=\"vc_column-inner\"><div class=\"wpb_wrapper\"><div class=\"w-separator size_small\"><\/div><h2 class=\"w-itext us_custom_6df4bc3a has_text_color type_fadeIn align_center\" style=\"--itext-transition-duration:0.3s;--itext-timing-function:cubic-bezier(.86,0,.07,1);\" onclick='return {&quot;duration&quot;:300,&quot;delay&quot;:3000}'>Conoc\u00e9 los Cursos para Chicos y Adolescentes<\/h2><div class=\"w-separator size_small\"><\/div><div class=\"w-btn-wrapper align_center\"><a class=\"w-btn us-btn-style_8\" target=\"_blank\" rel=\"nofollow\" title=\"Cursos de Formaci\u00f3n Profesional\" href=\"https:\/\/davinci.edu.ar\/cursos\/chicos\"><span class=\"w-btn-label\">Ver cursos<\/span><\/a><\/div><\/div><\/div><\/div><\/div><\/div><\/section>\n\n","protected":false},"excerpt":{"rendered":"Bienvenidos a la Muestra de J\u00f3venes Artistas de Escuela Da Vinci EXPLOR\u00c1 LAS NUEVAS PRODUCCIONES Entrando en las distintas secciones a continuaci\u00f3n, pod\u00e9s ver los trabajos de los alumnos seg\u00fan el curso, y ver el fruto del gran trabajo que hicieron. \u00a1Felicitaciones, chicos! FOTOS Y VIDEO DE LA ENTREGA DE CERTIFICADOS Ya est\u00e1n las fotos...","protected":false},"author":1,"featured_media":0,"parent":0,"menu_order":0,"comment_status":"closed","ping_status":"closed","template":"","meta":{"ngg_post_thumbnail":0,"footnotes":""},"class_list":["post-9","page","type-page","status-publish","hentry"],"_links":{"self":[{"href":"https:\/\/pulsotalentojoven.com\/2024\/wp-json\/wp\/v2\/pages\/9","targetHints":{"allow":["GET"]}}],"collection":[{"href":"https:\/\/pulsotalentojoven.com\/2024\/wp-json\/wp\/v2\/pages"}],"about":[{"href":"https:\/\/pulsotalentojoven.com\/2024\/wp-json\/wp\/v2\/types\/page"}],"author":[{"embeddable":true,"href":"https:\/\/pulsotalentojoven.com\/2024\/wp-json\/wp\/v2\/users\/1"}],"replies":[{"embeddable":true,"href":"https:\/\/pulsotalentojoven.com\/2024\/wp-json\/wp\/v2\/comments?post=9"}],"version-history":[{"count":56,"href":"https:\/\/pulsotalentojoven.com\/2024\/wp-json\/wp\/v2\/pages\/9\/revisions"}],"predecessor-version":[{"id":27,"href":"https:\/\/pulsotalentojoven.com\/2024\/wp-json\/wp\/v2\/pages\/9\/revisions\/27"}],"wp:attachment":[{"href":"https:\/\/pulsotalentojoven.com\/2024\/wp-json\/wp\/v2\/media?parent=9"}],"curies":[{"name":"wp","href":"https:\/\/api.w.org\/{rel}","templated":true}]}}