{"id":1086,"date":"2024-08-15T11:51:52","date_gmt":"2024-08-15T14:51:52","guid":{"rendered":"https:\/\/pulsotalentojoven.com\/2024\/?page_id=1086"},"modified":"2024-08-15T16:20:13","modified_gmt":"2024-08-15T19:20:13","slug":"certificados-iniciacion-a-la-ilustracion-artistica-digital-para-chicos-de-13-a-17-anos","status":"publish","type":"page","link":"https:\/\/pulsotalentojoven.com\/2024\/certificados-iniciacion-a-la-ilustracion-artistica-digital-para-chicos-de-13-a-17-anos\/","title":{"rendered":"Certificados Iniciaci\u00f3n a la Ilustraci\u00f3n Art\u00edstica\/Digital para Chicos de 13 a 17 a\u00f1os"},"content":{"rendered":"<section class=\"l-section wpb_row us_custom_16269678 banner-promo height_medium width_full\"><div class=\"l-section-h i-cf\"><div class=\"g-cols vc_row via_flex valign_top type_default stacking_default\"><div class=\"vc_col-sm-12 wpb_column vc_column_container has_text_color\"><div class=\"vc_column-inner us_custom_6df4bc3a\"><div class=\"wpb_wrapper\"><div class=\"wpb_text_column us_custom_8251736e has_text_color hide_on_default hide_on_laptops hide_on_tablets hide_on_mobiles\"><div class=\"wpb_wrapper\"><\/div><\/div><\/div><\/div><\/div><\/div><\/div><\/section><section class=\"l-section wpb_row us_custom_5b07abe7 height_medium\"><div class=\"l-section-h i-cf\"><div class=\"g-cols vc_row via_flex valign_top type_default stacking_default\"><div class=\"vc_col-sm-12 wpb_column vc_column_container\"><div class=\"vc_column-inner\"><div class=\"wpb_wrapper\"><div class=\"w-separator size_medium\"><\/div><div class=\"wpb_text_column\"><div class=\"wpb_wrapper\"><h1 class=\"title-alt\" style=\"text-align: center;\">Entrega de Certificados<\/h1>\n<h2 class=\"title-main\" style=\"text-align: center;\">INICIACI\u00d3N A LA ILUSTRACI\u00d3N ART\u00cdSTICA\/DIGITAL PARA CHICOS DE 13 A 17 A\u00d1OS<\/h2>\n<\/div><\/div><\/div><\/div><\/div><\/div><\/div><\/section><section class=\"l-section wpb_row height_small\"><div class=\"l-section-h i-cf\"><div class=\"g-cols vc_row via_flex valign_top type_default stacking_default\"><div class=\"vc_col-sm-12 wpb_column vc_column_container\" id=\"totalpoll-template\"><div class=\"vc_column-inner\"><div class=\"wpb_wrapper\"><div class=\"wpb_text_column us_custom_b91424ac\"><div class=\"wpb_wrapper\">ngg_shortcode_0_placeholder\n<\/div><\/div><div class=\"w-separator size_small\"><\/div><\/div><\/div><\/div><\/div><\/div><\/section><section class=\"l-section wpb_row module-color secondary height_medium\" id=\"promo-footer-current-event\"><div class=\"l-section-h i-cf\"><div class=\"g-cols vc_row via_flex valign_top type_default stacking_default\"><div class=\"vc_col-sm-12 wpb_column vc_column_container\"><div class=\"vc_column-inner\"><div class=\"wpb_wrapper\"><div class=\"w-separator size_small\"><\/div><h2 class=\"w-itext us_custom_6df4bc3a has_text_color type_fadeIn align_center\" style=\"--itext-transition-duration:0.3s;--itext-timing-function:cubic-bezier(.86,0,.07,1);\" onclick='return {&quot;duration&quot;:300,&quot;delay&quot;:3000}'>Conoc\u00e9 los Cursos para Chicos y Adolescentes<\/h2><div class=\"w-separator size_small\"><\/div><div class=\"w-btn-wrapper align_center\"><a class=\"w-btn us-btn-style_8\" target=\"_blank\" rel=\"nofollow\" title=\"Cursos de Formaci\u00f3n Profesional\" href=\"https:\/\/davinci.edu.ar\/cursos\/chicos\"><span class=\"w-btn-label\">Ver cursos<\/span><\/a><\/div><\/div><\/div><\/div><\/div><\/div><\/section>\n\n","protected":false},"excerpt":{"rendered":"Entrega de Certificados INICIACI\u00d3N A LA ILUSTRACI\u00d3N ART\u00cdSTICA\/DIGITAL PARA CHICOS DE 13 A 17 A\u00d1OS Conoc\u00e9 los Cursos para Chicos y AdolescentesVer cursos","protected":false},"author":1,"featured_media":0,"parent":0,"menu_order":0,"comment_status":"closed","ping_status":"closed","template":"","meta":{"ngg_post_thumbnail":0,"footnotes":""},"class_list":["post-1086","page","type-page","status-publish","hentry"],"_links":{"self":[{"href":"https:\/\/pulsotalentojoven.com\/2024\/wp-json\/wp\/v2\/pages\/1086","targetHints":{"allow":["GET"]}}],"collection":[{"href":"https:\/\/pulsotalentojoven.com\/2024\/wp-json\/wp\/v2\/pages"}],"about":[{"href":"https:\/\/pulsotalentojoven.com\/2024\/wp-json\/wp\/v2\/types\/page"}],"author":[{"embeddable":true,"href":"https:\/\/pulsotalentojoven.com\/2024\/wp-json\/wp\/v2\/users\/1"}],"replies":[{"embeddable":true,"href":"https:\/\/pulsotalentojoven.com\/2024\/wp-json\/wp\/v2\/comments?post=1086"}],"version-history":[{"count":6,"href":"https:\/\/pulsotalentojoven.com\/2024\/wp-json\/wp\/v2\/pages\/1086\/revisions"}],"predecessor-version":[{"id":1106,"href":"https:\/\/pulsotalentojoven.com\/2024\/wp-json\/wp\/v2\/pages\/1086\/revisions\/1106"}],"wp:attachment":[{"href":"https:\/\/pulsotalentojoven.com\/2024\/wp-json\/wp\/v2\/media?parent=1086"}],"curies":[{"name":"wp","href":"https:\/\/api.w.org\/{rel}","templated":true}]}}