{"id":1061,"date":"2024-08-13T16:33:50","date_gmt":"2024-08-13T19:33:50","guid":{"rendered":"https:\/\/pulsotalentojoven.com\/2024\/?page_id=1061"},"modified":"2024-08-16T11:48:38","modified_gmt":"2024-08-16T14:48:38","slug":"entrega-de-certificados","status":"publish","type":"page","link":"https:\/\/pulsotalentojoven.com\/2024\/entrega-de-certificados\/","title":{"rendered":"Entrega de Certificados"},"content":{"rendered":"<section class=\"l-section wpb_row us_custom_16269678 banner-promo height_medium width_full\"><div class=\"l-section-h i-cf\"><div class=\"g-cols vc_row via_flex valign_top type_default stacking_default\"><div class=\"vc_col-sm-12 wpb_column vc_column_container has_text_color\"><div class=\"vc_column-inner us_custom_6df4bc3a\"><div class=\"wpb_wrapper\"><div class=\"wpb_text_column us_custom_8251736e has_text_color hide_on_default hide_on_laptops hide_on_tablets hide_on_mobiles\"><div class=\"wpb_wrapper\"><\/div><\/div><\/div><\/div><\/div><\/div><\/div><\/section><section class=\"l-section wpb_row us_custom_5b07abe7 height_medium\"><div class=\"l-section-h i-cf\"><div class=\"g-cols vc_row via_flex valign_top type_default stacking_default\"><div class=\"vc_col-sm-12 wpb_column vc_column_container\"><div class=\"vc_column-inner\"><div class=\"wpb_wrapper\"><div class=\"w-separator size_medium\"><\/div><div class=\"wpb_text_column\"><div class=\"wpb_wrapper\"><h1 class=\"title-alt\" style=\"text-align: center;\">Entrega de Certificados<\/h1>\n<h2 class=\"title-main\" style=\"text-align: center;\">CURSOS PARA CHICOS Y J\u00d3VENES<\/h2>\n<\/div><\/div><div class=\"wpb_text_column\"><div class=\"wpb_wrapper\"><p><span>A continuaci\u00f3n pod\u00e9s ver las fotos y el video de lo que fue la entrega de certificados de los cursos para chicos y j\u00f3venes de la Academia Art\u00edstica-Tecnol\u00f3gica de Escuela Da Vinci.<\/span><br \/>\n<span>El evento se realiz\u00f3 en el auditorio de la escuela en Buenos Aires, el 10 de Agosto de 2024 y cont\u00f3 con la presencia de alumnos, familiares y profesores de los cursos de ilustraci\u00f3n y realizaci\u00f3n de videojuegos para las diferentes edades.<\/span><\/p>\n<\/div><\/div><\/div><\/div><\/div><\/div><\/div><\/section><section class=\"l-section wpb_row banner-promo height_small\"><div class=\"l-section-h i-cf\"><div class=\"g-cols vc_row via_flex valign_top type_default stacking_default\"><div class=\"vc_col-sm-12 wpb_column vc_column_container has_text_color\"><div class=\"vc_column-inner us_custom_6df4bc3a\"><div class=\"wpb_wrapper\"><div class=\"w-tabs style_default switch_click accordion has_scrolling\" style=\"--sections-title-size:inherit\"><div class=\"w-tabs-sections titles-align_none icon_chevron cpos_right\"><div class=\"w-tabs-section has_text_color\" id=\"zd72\" style=\"color:var(--color-header-middle-text-hover);\"><button class=\"w-tabs-section-header\" aria-controls=\"content-zd72\" aria-expanded=\"false\"><div class=\"w-tabs-section-title\">VER VIDEO DE LA ENTREGA DE CERTIFICADOS<\/div><div class=\"w-tabs-section-control\"><\/div><\/button><div  class=\"w-tabs-section-content\" id=\"content-zd72\"><div class=\"w-tabs-section-content-h i-cf\"><div class=\"w-video align_center ratio_16x9\"><div class=\"w-video-h\"><iframe loading=\"lazy\" title=\"Pulso 2024: PLAY\" width=\"640\" height=\"360\" src=\"https:\/\/www.youtube.com\/embed\/04HA6u3Y0II?feature=oembed\" frameborder=\"0\" allow=\"accelerometer; autoplay; clipboard-write; encrypted-media; gyroscope; picture-in-picture; web-share\" referrerpolicy=\"strict-origin-when-cross-origin\" allowfullscreen><\/iframe><\/div><\/div><\/div><\/div><\/div><\/div><\/div><\/div><\/div><\/div><\/div><\/div><\/section><section class=\"l-section wpb_row forced-grid-321 height_small\"><div class=\"l-section-h i-cf\"><div class=\"g-cols vc_row via_flex valign_top type_default stacking_default\"><div class=\"vc_col-sm-12 wpb_column vc_column_container\" id=\"totalpoll-template\"><div class=\"vc_column-inner\"><div class=\"wpb_wrapper\"><div class=\"w-vwrapper align_none valign_top\"><div class=\"w-image has_ratio align_none\"><div class=\"w-image-h\"><div style=\"padding-bottom:100%\"><\/div><img decoding=\"async\" width=\"550\" height=\"550\" src=\"https:\/\/pulsotalentojoven.com\/2024\/wp-content\/uploads\/sites\/2\/2024\/08\/cert-vj.png\" class=\"attachment-large size-large\" alt=\"\" loading=\"lazy\" \/><\/div><\/div><div class=\"wpb_text_column us_custom_c3d9dd36 has_text_color\"><div class=\"wpb_wrapper\"><p>REALIZACI\u00d3N DE VIDEOJUEGOS 2D (<span>9 a 11 y 12 a 14 a\u00f1os<\/span>)<\/p>\n<\/div><\/div><div class=\"w-btn-wrapper align_center\"><a class=\"w-btn us-btn-style_1\" href=\"https:\/\/pulsotalentojoven.com\/2024\/certificados-realizacion-de-videojuegos-2d-9-a-11-y-12-a-14\/\"><span class=\"w-btn-label\">VER GALER\u00cdA<\/span><\/a><\/div><\/div><div class=\"w-vwrapper align_none valign_top\"><div class=\"w-image has_ratio align_none\"><div class=\"w-image-h\"><div style=\"padding-bottom:100%\"><\/div><img decoding=\"async\" width=\"550\" height=\"550\" src=\"https:\/\/pulsotalentojoven.com\/2024\/wp-content\/uploads\/sites\/2\/2024\/08\/cert-preu.png\" class=\"attachment-large size-large\" alt=\"\" loading=\"lazy\" \/><\/div><\/div><div class=\"wpb_text_column us_custom_c3d9dd36 has_text_color\"><div class=\"wpb_wrapper\"><p>PRE-UNIVERSITARIO DE VIDEOJUEGOS 2D y 3D<\/p>\n<\/div><\/div><div class=\"w-btn-wrapper align_center\"><a class=\"w-btn us-btn-style_1\" href=\"https:\/\/pulsotalentojoven.com\/2024\/certificados-pre-universitario-de-videojuegos-2d-y-3d\/\"><span class=\"w-btn-label\">VER GALER\u00cdA<\/span><\/a><\/div><\/div><div class=\"w-vwrapper align_none valign_top\"><div class=\"w-image has_ratio align_none\"><div class=\"w-image-h\"><div style=\"padding-bottom:100%\"><\/div><img decoding=\"async\" width=\"550\" height=\"550\" src=\"https:\/\/pulsotalentojoven.com\/2024\/wp-content\/uploads\/sites\/2\/2024\/08\/cert-ilus-9-12.png\" class=\"attachment-large size-large\" alt=\"\" loading=\"lazy\" \/><\/div><\/div><div class=\"wpb_text_column us_custom_c3d9dd36 has_text_color\"><div class=\"wpb_wrapper\"><p><span>INICIACI\u00d3N A LA ILUSTRACI\u00d3N ART\u00cdSTICA\/DIGITAL (9 a 12)<\/span><\/p>\n<\/div><\/div><div class=\"w-btn-wrapper align_center\"><a class=\"w-btn us-btn-style_1\" href=\"https:\/\/pulsotalentojoven.com\/2024\/certificados-iniciacion-a-la-ilustracion-artistica-digital-para-chicos-de-9-a-12-anos\/\"><span class=\"w-btn-label\">VER GALER\u00cdA<\/span><\/a><\/div><\/div><div class=\"w-vwrapper align_none valign_top\"><div class=\"w-image has_ratio align_none\"><div class=\"w-image-h\"><div style=\"padding-bottom:100%\"><\/div><img decoding=\"async\" width=\"550\" height=\"550\" src=\"https:\/\/pulsotalentojoven.com\/2024\/wp-content\/uploads\/sites\/2\/2024\/08\/cert-ilus-13-17.png\" class=\"attachment-large size-large\" alt=\"\" loading=\"lazy\" \/><\/div><\/div><div class=\"wpb_text_column us_custom_c3d9dd36 has_text_color\"><div class=\"wpb_wrapper\"><p><span>INICIACI\u00d3N A LA ILUSTRACI\u00d3N ART\u00cdSTICA\/DIGITAL (13 a 17)<\/span><\/p>\n<\/div><\/div><div class=\"w-btn-wrapper align_center\"><a class=\"w-btn us-btn-style_1\" href=\"https:\/\/pulsotalentojoven.com\/2024\/certificados-iniciacion-a-la-ilustracion-artistica-digital-para-chicos-de-13-a-17-anos\/\"><span class=\"w-btn-label\">VER GALER\u00cdA<\/span><\/a><\/div><\/div><div class=\"w-vwrapper align_none valign_top\"><div class=\"w-image has_ratio align_none\"><div class=\"w-image-h\"><div style=\"padding-bottom:100%\"><\/div><img decoding=\"async\" width=\"550\" height=\"550\" src=\"https:\/\/pulsotalentojoven.com\/2024\/wp-content\/uploads\/sites\/2\/2024\/08\/cert-hist.png\" class=\"attachment-large size-large\" alt=\"\" loading=\"lazy\" \/><\/div><\/div><div class=\"wpb_text_column us_custom_c3d9dd36 has_text_color\"><div class=\"wpb_wrapper\"><p><span>REALIZACI\u00d3N DE HISTORIETAS<\/span><\/p>\n<\/div><\/div><div class=\"w-btn-wrapper align_center\"><a class=\"w-btn us-btn-style_1\" href=\"https:\/\/pulsotalentojoven.com\/2024\/certificados-realizacion-de-historietas\/\"><span class=\"w-btn-label\">VER GALER\u00cdA<\/span><\/a><\/div><\/div><\/div><\/div><\/div><\/div><\/div><\/section><section class=\"l-section wpb_row module-color secondary height_medium\" id=\"promo-footer-current-event\"><div class=\"l-section-h i-cf\"><div class=\"g-cols vc_row via_flex valign_top type_default stacking_default\"><div class=\"vc_col-sm-12 wpb_column vc_column_container\"><div class=\"vc_column-inner\"><div class=\"wpb_wrapper\"><div class=\"w-separator size_small\"><\/div><h2 class=\"w-itext us_custom_6df4bc3a has_text_color type_fadeIn align_center\" style=\"--itext-transition-duration:0.3s;--itext-timing-function:cubic-bezier(.86,0,.07,1);\" onclick='return {&quot;duration&quot;:300,&quot;delay&quot;:3000}'>Conoc\u00e9 los Cursos para Chicos y Adolescentes<\/h2><div class=\"w-separator size_small\"><\/div><div class=\"w-btn-wrapper align_center\"><a class=\"w-btn us-btn-style_8\" target=\"_blank\" rel=\"nofollow\" title=\"Cursos de Formaci\u00f3n Profesional\" href=\"https:\/\/davinci.edu.ar\/cursos\/chicos\"><span class=\"w-btn-label\">Ver cursos<\/span><\/a><\/div><\/div><\/div><\/div><\/div><\/div><\/section>\n<section class=\"l-section wpb_row us_custom_16269678 banner-promo height_medium width_full\"><div class=\"l-section-h i-cf\"><div class=\"g-cols vc_row via_flex valign_top type_default stacking_default\"><div class=\"vc_col-sm-12 wpb_column vc_column_container has_text_color\"><div class=\"vc_column-inner us_custom_6df4bc3a\"><div class=\"wpb_wrapper\"><div class=\"wpb_text_column us_custom_8251736e has_text_color hide_on_default hide_on_laptops hide_on_tablets hide_on_mobiles\"><div class=\"wpb_wrapper\"><\/div><\/div><\/div><\/div><\/div><\/div><\/div><\/section>\n","protected":false},"excerpt":{"rendered":"Entrega de Certificados CURSOS PARA CHICOS Y J\u00d3VENES A continuaci\u00f3n pod\u00e9s ver las fotos y el video de lo que fue la entrega de certificados de los cursos para chicos y j\u00f3venes de la Academia Art\u00edstica-Tecnol\u00f3gica de Escuela Da Vinci. El evento se realiz\u00f3 en el auditorio de la escuela en Buenos Aires, el 10...","protected":false},"author":1,"featured_media":0,"parent":0,"menu_order":0,"comment_status":"closed","ping_status":"closed","template":"","meta":{"ngg_post_thumbnail":0,"footnotes":""},"class_list":["post-1061","page","type-page","status-publish","hentry"],"_links":{"self":[{"href":"https:\/\/pulsotalentojoven.com\/2024\/wp-json\/wp\/v2\/pages\/1061","targetHints":{"allow":["GET"]}}],"collection":[{"href":"https:\/\/pulsotalentojoven.com\/2024\/wp-json\/wp\/v2\/pages"}],"about":[{"href":"https:\/\/pulsotalentojoven.com\/2024\/wp-json\/wp\/v2\/types\/page"}],"author":[{"embeddable":true,"href":"https:\/\/pulsotalentojoven.com\/2024\/wp-json\/wp\/v2\/users\/1"}],"replies":[{"embeddable":true,"href":"https:\/\/pulsotalentojoven.com\/2024\/wp-json\/wp\/v2\/comments?post=1061"}],"version-history":[{"count":25,"href":"https:\/\/pulsotalentojoven.com\/2024\/wp-json\/wp\/v2\/pages\/1061\/revisions"}],"predecessor-version":[{"id":1317,"href":"https:\/\/pulsotalentojoven.com\/2024\/wp-json\/wp\/v2\/pages\/1061\/revisions\/1317"}],"wp:attachment":[{"href":"https:\/\/pulsotalentojoven.com\/2024\/wp-json\/wp\/v2\/media?parent=1061"}],"curies":[{"name":"wp","href":"https:\/\/api.w.org\/{rel}","templated":true}]}}